{"id":9830,"date":"2022-05-17T16:36:10","date_gmt":"2022-05-17T14:36:10","guid":{"rendered":"http:\/\/www.alfatecpy.com\/home\/?post_type=product&#038;p=9830"},"modified":"2022-06-21T14:34:08","modified_gmt":"2022-06-21T12:34:08","slug":"juego-de-papel-y-tinta-de-color-canon-kp-108in","status":"publish","type":"product","link":"http:\/\/www.alfatecpy.com\/home\/producto\/juego-de-papel-y-tinta-de-color-canon-kp-108in\/","title":{"rendered":"JUEGO DE PAPEL Y TINTA DE COLOR CANON KP-108IN"},"content":{"rendered":"<p><span>El juego de\u00a0<\/span><b><span>papel y tinta de color KP-108IN<\/span><\/b><span>\u00a0de\u00a0<\/span><b><span>Canon<\/span><\/b><span>\u00a0es un paquete especial que incluye papel y tinta.\u00a0<span class=\"goog-text-highlight\">Utilice este kit especial para imprimir econ\u00f3micamente hasta 108 fotograf\u00edas en color de 4 x 6&#8243;. Debido a que el papel est\u00e1 precortado, simplemente imprima sus fotograf\u00edas y estar\u00e1n listas para verlas y compartirlas. Esta unidad es compatible con los siguientes modelos:<\/span><\/span><\/p>\n<ul>\n<li><span>SELPHY CP1300<\/span><\/li>\n<li><span>Paquete de c\u00e1mara\/impresora Canon SD1100 Pink American Cancer Society<\/span><\/li>\n<li><span>SELPHY CP760<\/span><\/li>\n<li><span>SELPHY CP770<\/span><\/li>\n<li><span>Paquete SELPHY CP770<\/span><\/li>\n<li><span>SELPHY CP780<\/span><\/li>\n<li><span>SELPHY CP800<\/span><\/li>\n<li><span>SELPHY CP900<\/span><\/li>\n<li><span>SELPHY CP1200<\/span><\/li>\n<\/ul>\n","protected":false},"excerpt":{"rendered":"<p>*Regimen turistico<br \/>\n*No incluye IVA<\/p>\n","protected":false},"featured_media":9833,"comment_status":"open","ping_status":"closed","template":"","meta":[],"_links":{"self":[{"href":"http:\/\/www.alfatecpy.com\/home\/wp-json\/wp\/v2\/product\/9830"}],"collection":[{"href":"http:\/\/www.alfatecpy.com\/home\/wp-json\/wp\/v2\/product"}],"about":[{"href":"http:\/\/www.alfatecpy.com\/home\/wp-json\/wp\/v2\/types\/product"}],"replies":[{"embeddable":true,"href":"http:\/\/www.alfatecpy.com\/home\/wp-json\/wp\/v2\/comments?post=9830"}],"wp:featuredmedia":[{"embeddable":true,"href":"http:\/\/www.alfatecpy.com\/home\/wp-json\/wp\/v2\/media\/9833"}],"wp:attachment":[{"href":"http:\/\/www.alfatecpy.com\/home\/wp-json\/wp\/v2\/media?parent=9830"}],"curies":[{"name":"wp","href":"https:\/\/api.w.org\/{rel}","templated":true}]}}