{"id":9371,"date":"2022-05-14T17:36:03","date_gmt":"2022-05-14T15:36:03","guid":{"rendered":"http:\/\/www.alfatecpy.com\/home\/?post_type=product&#038;p=9371"},"modified":"2022-07-15T21:15:34","modified_gmt":"2022-07-15T19:15:34","slug":"mv7x-microfono-para-podcast","status":"publish","type":"product","link":"http:\/\/www.alfatecpy.com\/home\/producto\/mv7x-microfono-para-podcast\/","title":{"rendered":"MV7X Micr\u00f3fono para podcast"},"content":{"rendered":"<p>\u00bfDebes realizar podcasts o grabaciones con un presupuesto limitado, pero solo conf\u00edas en Shure? El MV7X ha sido dise\u00f1ado pensando en podcasters y vocalistas, utilizando el mismo factor de forma inmortalizado por nuestro legendario SM7B. Con\u00e9ctate directamente a casi cualquier interfaz de audio a trav\u00e9s de XLR y pronto estar\u00e1s grabando con la calidad de audio que esperas de Shure. Un MV7 sin complicaciones y sin lujos, en el que puedes confiar.<\/p>\n<p><button class=\"h2 triptych__panel-toggle-trigger\">POR QU\u00c9 ES MEJOR<\/button><\/p>\n<div class=\"triptych__panel-toggle\">\n<h3 class=\"h5 light\">Tecnolog\u00eda de aislamiento de voz<\/h3>\n<p>Una combinaci\u00f3n inteligente de c\u00e1psula din\u00e1mica, excelente rechazo trasero y soporte de amortiguaci\u00f3n garantiza que el MV7X sea l\u00e1ser centrado en tu voz y que no capture ning\u00fan ruido de fondo no deseado.<\/p>\n<h3 class=\"h5 light\">Sucesor del Rey<\/h3>\n<p>El miembro m\u00e1s joven de la familia \u00ab7\u00bb comparte el mismo ADN como el legendario SM7B,on para crear una alternativa m\u00e1s asequible para los podcasts en crecimiento o aspirantes.<\/p>\n<h3 class=\"h5 light\">Varios micr\u00f3fonos. Gasto m\u00ednimo<\/h3>\n<p>Sin exceder tu presupuesto, es una soluci\u00f3n perfecta para ofrecer un gran sonido sin concesiones para podcasts con varios micr\u00f3fonos.<\/p>\n<\/div>\n","protected":false},"excerpt":{"rendered":"<p>*Regimen turistico<br \/>\n*No incluye IVA<\/p>\n","protected":false},"featured_media":19462,"comment_status":"open","ping_status":"closed","template":"","meta":[],"_links":{"self":[{"href":"http:\/\/www.alfatecpy.com\/home\/wp-json\/wp\/v2\/product\/9371"}],"collection":[{"href":"http:\/\/www.alfatecpy.com\/home\/wp-json\/wp\/v2\/product"}],"about":[{"href":"http:\/\/www.alfatecpy.com\/home\/wp-json\/wp\/v2\/types\/product"}],"replies":[{"embeddable":true,"href":"http:\/\/www.alfatecpy.com\/home\/wp-json\/wp\/v2\/comments?post=9371"}],"wp:featuredmedia":[{"embeddable":true,"href":"http:\/\/www.alfatecpy.com\/home\/wp-json\/wp\/v2\/media\/19462"}],"wp:attachment":[{"href":"http:\/\/www.alfatecpy.com\/home\/wp-json\/wp\/v2\/media?parent=9371"}],"curies":[{"name":"wp","href":"https:\/\/api.w.org\/{rel}","templated":true}]}}