{"id":9039,"date":"2022-05-12T17:20:08","date_gmt":"2022-05-12T15:20:08","guid":{"rendered":"http:\/\/www.alfatecpy.com\/home\/?post_type=product&#038;p=9039"},"modified":"2022-07-18T14:10:34","modified_gmt":"2022-07-18T12:10:34","slug":"9039","status":"publish","type":"product","link":"http:\/\/www.alfatecpy.com\/home\/producto\/9039\/","title":{"rendered":"MOCHILA PARA DRONES DJI PHANTOM 3"},"content":{"rendered":"<div id=\"productDescription_feature_div\" class=\"celwidget pd_rd_w-R4mmQ pd_rd_r-PC0P74612DXCKTZV2XXV pd_rd_wg-cSOQs\" data-feature-name=\"productDescription\" data-csa-c-id=\"b2rlc6-qscwec-telqxu-hupyfm\" data-cel-widget=\"productDescription_feature_div\">\n<div>\n<div id=\"productDescription_feature_div\" class=\"a-row feature\" data-feature-name=\"productDescription\" data-template-name=\"productDescription\" data-cel-widget=\"productDescription_feature_div\">\n<div id=\"productDescription\" class=\"a-section a-spacing-small\">\n<p><span class=\"\">A creatividad est\u00e1 en el coraz\u00f3n de cada sue\u00f1o. <\/span>Cada idea, cada salto innovador que cambia nuestro mundo comienza con la visi\u00f3n de creadores talentosos.\u00a0En DJI, brindamos a estos creadores las herramientas que necesitan para dar vida a sus ideas.\u00a0Nuestras plataformas les permiten capturar im\u00e1genes que alguna vez estuvieron fuera de su alcance.\u00a0Nuestros sistemas de estabilizaci\u00f3n de c\u00e1mara y vuelo redefinen la ubicaci\u00f3n y el movimiento de la c\u00e1mara.\u00a0Fotos y videos asombrosos, recuerdos personales atesorados e im\u00e1genes profesionales de alto nivel se capturan todos los d\u00edas, en todos los rincones del mundo utilizando productos DJI.\u00a0La tecnolog\u00eda DJI hace m\u00e1s que simplemente habilitar a los creadores.\u00a0<span class=\"goog-text-highlight\">Impulsamos a los visionarios a ir m\u00e1s all\u00e1 de los l\u00edmites de lo que se cree posible, inspir\u00e1ndolos a inspirar al mundo.\u00a0<\/span>Hacemos esto a trav\u00e9s de un compromiso sin igual con la I+D, una cultura de constante innovaci\u00f3n y curiosidad,\u00a0y un enfoque en la transformaci\u00f3n de tecnolog\u00eda compleja en dispositivos f\u00e1ciles de usar.\u00a0Sobre la base del esp\u00edritu de \u00abla forma sigue a la funci\u00f3n\u00bb, nuestros productos combinan tecnolog\u00eda avanzada con dise\u00f1os din\u00e1micos.\u00a0Con sede en Shenzhen, ampliamente considerado el Silicon Valley de China, DJI se beneficia del acceso directo a los proveedores, las materias primas y el grupo de talentos j\u00f3venes y creativos necesarios para un \u00e9xito sostenido.\u00a0Aprovechando estos recursos, hemos pasado de una sola oficina peque\u00f1a en 2006 a una fuerza laboral global de m\u00e1s de 3000 personas.\u00a0Nuestras oficinas ahora se pueden encontrar en los Estados Unidos, Alemania, los Pa\u00edses Bajos, Jap\u00f3n, Beijing y Hong Kong.\u00a0Como empresa de propiedad y operaci\u00f3n privada, DJI se enfoca en nuestra propia visi\u00f3n, apoyando aplicaciones creativas, comerciales y sin fines de lucro de nuestra tecnolog\u00eda.\u00a0Hoy, los productos DJI est\u00e1n redefiniendo las industrias.\u00a0Profesionales en cine, agricultura,<\/p>\n<\/div>\n<\/div>\n<\/div>\n<\/div>\n<div id=\"ask-dp-search_feature_div\" class=\"celwidget pd_rd_w-52nfd pd_rd_r-PC0P74612DXCKTZV2XXV pd_rd_wg-cSOQs\" data-feature-name=\"ask-dp-search\" data-csa-c-id=\"x8vhz2-vjiqgj-x9rpy4-lcmyl3\" data-cel-widget=\"ask-dp-search_feature_div\">\n<div class=\"celwidget\" data-csa-c-id=\"jwo26e-heyh78-35cgrq-gd295u\" data-cel-widget=\"ask-swdp-desktop\">\n<div class=\"a-section askDetailPageSearchWidgetSection\">\n<hr class=\"a-spacing-extra-large a-divider-normal\" aria-hidden=\"true\" \/>\n<div class=\"a-section a-spacing-extra-large\"><\/div>\n<\/div>\n<\/div>\n<\/div>\n","protected":false},"excerpt":{"rendered":"<p>*Regimen turistico<br \/>\n*No incluye IVA<\/p>\n","protected":false},"featured_media":19735,"comment_status":"open","ping_status":"closed","template":"","meta":[],"_links":{"self":[{"href":"http:\/\/www.alfatecpy.com\/home\/wp-json\/wp\/v2\/product\/9039"}],"collection":[{"href":"http:\/\/www.alfatecpy.com\/home\/wp-json\/wp\/v2\/product"}],"about":[{"href":"http:\/\/www.alfatecpy.com\/home\/wp-json\/wp\/v2\/types\/product"}],"replies":[{"embeddable":true,"href":"http:\/\/www.alfatecpy.com\/home\/wp-json\/wp\/v2\/comments?post=9039"}],"wp:featuredmedia":[{"embeddable":true,"href":"http:\/\/www.alfatecpy.com\/home\/wp-json\/wp\/v2\/media\/19735"}],"wp:attachment":[{"href":"http:\/\/www.alfatecpy.com\/home\/wp-json\/wp\/v2\/media?parent=9039"}],"curies":[{"name":"wp","href":"https:\/\/api.w.org\/{rel}","templated":true}]}}