{"id":8711,"date":"2022-05-10T13:21:12","date_gmt":"2022-05-10T11:21:12","guid":{"rendered":"http:\/\/www.alfatecpy.com\/home\/?post_type=product&#038;p=8711"},"modified":"2022-05-21T15:45:18","modified_gmt":"2022-05-21T13:45:18","slug":"estuche-utilitario-duro-nanuk-908","status":"publish","type":"product","link":"http:\/\/www.alfatecpy.com\/home\/producto\/estuche-utilitario-duro-nanuk-908\/","title":{"rendered":"Estuche utilitario duro Nanuk 908"},"content":{"rendered":"<p><b><span>El estuche r\u00edgido de utilidad 908<\/span><\/b><span>\u00a0verde oliva\u00a0de\u00a0<\/span><b><span>Nanuk<\/span><\/b><span>\u00a0est\u00e1 hecho de resina de polipropileno NK-7 liviana resistente al agua, al polvo y al aplastamiento.\u00a0Protege y almacena art\u00edculos delicados de tama\u00f1o peque\u00f1o y mediano, como equipos de fotograf\u00eda y video, bater\u00edas, lentes, unidades flash, discos duros, sistemas de micr\u00f3fonos, pistolas, equipos de pesca, binoculares, visores, dispositivos m\u00e9dicos, instrumentaci\u00f3n, herramientas industriales u otros. equipamiento personal y profesional.\u00a0<span class=\"\">Esta versi\u00f3n del 908 se ofrece sin inserto, dejando todo el interior de 9,5 x 7,5 x 7,5&#8243; disponible para una personalizaci\u00f3n completa para su equipo espec\u00edfico<\/span><\/span><\/p>\n<p><span>Su bisel y junta moldeados se mantienen firmes con el sistema de cierre PowerClaw.\u00a0<\/span><span>Este pestillo patentado utiliza fuerza de compresi\u00f3n para sujetar firmemente la carcasa a una clasificaci\u00f3n IP67 a prueba de agua y polvo, con un bloqueo deslizante integrado que evita que la carcasa se abra durante el transporte o si se cae.\u00a0<\/span><span class=\"goog-text-highlight\">Para mayor seguridad, hay dos orificios para candado de 0,34&#8243; integrados en el estuche y la tapa. El estuche cuenta con una v\u00e1lvula de alivio de presi\u00f3n incorporada que regula la presi\u00f3n interna, lo que evita que su equipo y el estuche se aplasten durante el viaje en avi\u00f3n y le permite abra la caja sin tener que romper un sello presurizado resistente que pueda desarrollar. Otras caracter\u00edsticas de dise\u00f1o incluyen un soporte de tapa integrado que evita que la tapa se cierre en su mano, herrajes de acero inoxidable resistentes y resistentes, y un mango plegable de agarre suave en la parte superior. .<\/span><\/p>\n","protected":false},"excerpt":{"rendered":"<p>*Regimen turistico<br \/>\n*No incluye IVA<\/p>\n","protected":false},"featured_media":8712,"comment_status":"open","ping_status":"closed","template":"","meta":[],"_links":{"self":[{"href":"http:\/\/www.alfatecpy.com\/home\/wp-json\/wp\/v2\/product\/8711"}],"collection":[{"href":"http:\/\/www.alfatecpy.com\/home\/wp-json\/wp\/v2\/product"}],"about":[{"href":"http:\/\/www.alfatecpy.com\/home\/wp-json\/wp\/v2\/types\/product"}],"replies":[{"embeddable":true,"href":"http:\/\/www.alfatecpy.com\/home\/wp-json\/wp\/v2\/comments?post=8711"}],"wp:featuredmedia":[{"embeddable":true,"href":"http:\/\/www.alfatecpy.com\/home\/wp-json\/wp\/v2\/media\/8712"}],"wp:attachment":[{"href":"http:\/\/www.alfatecpy.com\/home\/wp-json\/wp\/v2\/media?parent=8711"}],"curies":[{"name":"wp","href":"https:\/\/api.w.org\/{rel}","templated":true}]}}