{"id":765,"date":"2019-05-09T02:31:04","date_gmt":"2019-05-09T00:31:04","guid":{"rendered":"http:\/\/www.alfatecpy.com\/home\/producto\/softbox-sombr-universal-60x60-greika\/"},"modified":"2022-06-09T18:05:23","modified_gmt":"2022-06-09T16:05:23","slug":"softbox-sombr-universal-60x60-greika","status":"publish","type":"product","link":"http:\/\/www.alfatecpy.com\/home\/producto\/softbox-sombr-universal-60x60-greika\/","title":{"rendered":"SOFTBOX\/ SOMBR. UNIVERSAL 60X60 GREIKA"},"content":{"rendered":"<p><strong>Softbox de parasol universal de 60&#215;60 cm para flash, flash de estudio y luz continua<\/strong><\/p>\n<p>Softbox universal 60&#215;60 cm con sistema de montaje r\u00e1pido de paraguas.<br \/>\nEsta caja de luz no requiere ensamblaje de varillas. Se abre como una sombrilla.<br \/>\n\u00a1No podr\u00eda ser m\u00e1s f\u00e1cil!<br \/>\nEl tr\u00edpode entra en la caja de luz a trav\u00e9s de la abertura con cremallera en la parte inferior.<br \/>\nSe fija al tr\u00edpode mediante un adaptador (NO INCLUIDO), y la varilla de la caja de luz entra en el orificio del adaptador para la inserci\u00f3n de un paraguas.<br \/>\nLa luz del flash o la luz continua rebotar\u00e1 en la capa plateada interna y luego, reflejada, pasar\u00e1 a trav\u00e9s de la capa difusora.<br \/>\nLa iluminaci\u00f3n final es suave, como cualquier otra caja de luz.<br \/>\nLa conveniencia y rapidez de montaje hicieron que esta softbox ganara un lugar fijo en los kits de estudio de muchos de nuestros clientes, ahora ya no es necesario montar las varillas de las softboxes comunes.<br \/>\nDise\u00f1ado para flashes Speedlight, flash de estudio tipo linterna y Continuous Light (Cold Lamp) es un softbox universal adaptado al mismo sistema que el paraguas.<br \/>\nHecho de nailon de alta calidad, viene con bolsa de almacenamiento.<br \/>\nIdeal para generar iluminaci\u00f3n difusa en situaciones donde se desea suavizar las sombras y se puede colocar cerca del objetivo, coloc\u00e1ndose junto a flashes o iluminadores.<br \/>\nSe puede utilizar como reflector sin la tapa del difusor o con el difusor en la caja de luz.<\/p>\n<p>NOTA: Para usarlo con flash de estudio, el montaje es similar al de un paraguas. El flash de estudio solo se conecta directamente al soporte de iluminaci\u00f3n y la varilla de la caja de luz se inserta en el orificio del paraguas en el flash. Tambi\u00e9n se puede utilizar en adaptadores de flash Speedlight y adaptadores de luz continua.<\/p>\n<p>Compatibilidad:<br \/>\nParaguas universal tipo softbox, compatible con flashes Speedlight, flash de estudio (Antorcha) y Luz Continua (L\u00e1mpara Fr\u00eda).<\/p>\n<p>Especificaciones:<br \/>\nFijaci\u00f3n: tipo paraguas.<br \/>\nDimensiones: 60x60x46 (HxWxD)<br \/>\nPeso: 500g<\/p>\n<p>Contenido del paquete:<br \/>\n1 Softbox tipo paraguas 60&#215;60 cm<br \/>\n1 difusor externo<br \/>\n1 bolsa de almacenamiento.<\/p>\n","protected":false},"excerpt":{"rendered":"<p>*R\u00e9gimen Tur\u00edstico<br \/>\n*No incluye IVA<\/p>\n","protected":false},"featured_media":13698,"comment_status":"open","ping_status":"closed","template":"","meta":[],"_links":{"self":[{"href":"http:\/\/www.alfatecpy.com\/home\/wp-json\/wp\/v2\/product\/765"}],"collection":[{"href":"http:\/\/www.alfatecpy.com\/home\/wp-json\/wp\/v2\/product"}],"about":[{"href":"http:\/\/www.alfatecpy.com\/home\/wp-json\/wp\/v2\/types\/product"}],"replies":[{"embeddable":true,"href":"http:\/\/www.alfatecpy.com\/home\/wp-json\/wp\/v2\/comments?post=765"}],"wp:featuredmedia":[{"embeddable":true,"href":"http:\/\/www.alfatecpy.com\/home\/wp-json\/wp\/v2\/media\/13698"}],"wp:attachment":[{"href":"http:\/\/www.alfatecpy.com\/home\/wp-json\/wp\/v2\/media?parent=765"}],"curies":[{"name":"wp","href":"https:\/\/api.w.org\/{rel}","templated":true}]}}