{"id":752,"date":"2019-05-09T02:31:01","date_gmt":"2019-05-09T00:31:01","guid":{"rendered":"http:\/\/www.alfatecpy.com\/home\/producto\/slider-dolly-sk-gtd60\/"},"modified":"2022-07-19T16:07:58","modified_gmt":"2022-07-19T14:07:58","slug":"slider-dolly-sk-gtd60","status":"publish","type":"product","link":"http:\/\/www.alfatecpy.com\/home\/producto\/slider-dolly-sk-gtd60\/","title":{"rendered":"SLIDER DOLLY SK-GTD60"},"content":{"rendered":"<table border=\"0\" cellspacing=\"0\" cellpadding=\"0\">\n<tbody>\n<tr>\n<td>\n<div>\n<div>\n<p>&nbsp;<\/p>\n<div>\n<div>\n<div>\n<div>\n<table border=\"0\" cellspacing=\"0\" cellpadding=\"0\">\n<tbody>\n<tr>\n<td>SK-GT03 33&#8243; Camera Track Slider Dolly Track Sistema de estabilizaci\u00f3n de video para Canon<\/td>\n<\/tr>\n<\/tbody>\n<\/table>\n<\/div>\n<\/div>\n<\/div>\n<\/div>\n<div>\n<p><strong>Visi\u00f3n general<\/strong><\/p>\n<p>Este deslizador de c\u00e1mara Sevenoak GT03 est\u00e1 dise\u00f1ado para brindarle la capacidad de crear tomas de producci\u00f3n de buena calidad sin exceder su presupuesto.<br \/>\nCon una construcci\u00f3n de aluminio anodizado de alta resistencia, un riel deslizante s\u00faper suave, un nivel de burbuja y un ajuste de tensi\u00f3n, la c\u00e1mara Slider GT03 le ofrece el mejor valor.<br \/>\nSe puede acoplar directamente a un tr\u00edpode y tambi\u00e9n se puede utilizar de forma independiente con las patas incluidas, lo que eleva la configuraci\u00f3n de la c\u00e1mara aproximadamente 2&#8243; del suelo.<br \/>\nEl control deslizante de la c\u00e1mara GT03 es adecuado para c\u00e1maras de aficionados, c\u00e1maras profesionales y c\u00e1maras con la funci\u00f3n de grabar pel\u00edculas (por ejemplo\u00a0<strong>\u00a0, Canon 7D, Canon 5D Mark2, Canon 60D, Canon 500D, 550D, Nikon D3100, D7000, Sony A55,\u00a0<\/strong>\u00a0etc.)<\/p>\n<p><strong>Caracter\u00edsticas<\/strong><\/p>\n<p><span class=\"goog-text-highlight\">1) Construcci\u00f3n de aluminio anodizado de alta resistencia<\/span><br \/>\n<span class=\"goog-text-highlight\">2) Riel de deslizamiento suave autolubricante<\/span><br \/>\n<span class=\"goog-text-highlight\">3) Nivel de burbuja integrado para comprobar el equilibrio<\/span><br \/>\n<span class=\"goog-text-highlight\">4) Tornillo de ajuste de tensi\u00f3n<\/span><br \/>\n<span class=\"goog-text-highlight\" data-spm-anchor-id=\"a2g0o.detail.1000023.i3.6aa0219cpMYQTm\">5) Adaptador de rosca de 1\/4\u201d y 3\/8\u201d para c\u00e1maras, videoc\u00e1maras o cabezales de bola<\/span><br \/>\n<span class=\"goog-text-highlight\">6) Crea tomas de producci\u00f3n de alta calidad<\/span><\/p>\n<p><strong>Especificaci\u00f3n<\/strong><\/p>\n<p>Longitud: 85 cm (33,5\u201d)<br \/>\nRieles: Autolubricantes<br \/>\nMateriales: Aluminio anodizado<br \/>\nCaracter\u00edsticas: Nivel de burbuja y ajuste de tensi\u00f3n<br \/>\nTama\u00f1o del producto: 85 cm \u00d7 13 cm \u00d7 6,5 cm<br \/>\nTama\u00f1o del paquete: 90 cm \u00d7 12 cm \u00d7 6 cm<br \/>\nN.W.\u00a01,08 kg peso<br \/>\nbruto\u00a01,35 kg<\/p>\n<p><strong>\u00bfQu\u00e9 hay en la caja?<\/strong><\/p>\n<p>1\u00d7Deslizador Sevenoak SK-GT03<br \/>\nPaquete Original<\/p>\n<p>&nbsp;<\/p>\n<\/div>\n<\/div>\n<\/div>\n<\/td>\n<\/tr>\n<\/tbody>\n<\/table>\n","protected":false},"excerpt":{"rendered":"<p>*R\u00e9gimen Tur\u00edstico<br \/>\n*No incluye IVA<\/p>\n","protected":false},"featured_media":19919,"comment_status":"open","ping_status":"closed","template":"","meta":[],"_links":{"self":[{"href":"http:\/\/www.alfatecpy.com\/home\/wp-json\/wp\/v2\/product\/752"}],"collection":[{"href":"http:\/\/www.alfatecpy.com\/home\/wp-json\/wp\/v2\/product"}],"about":[{"href":"http:\/\/www.alfatecpy.com\/home\/wp-json\/wp\/v2\/types\/product"}],"replies":[{"embeddable":true,"href":"http:\/\/www.alfatecpy.com\/home\/wp-json\/wp\/v2\/comments?post=752"}],"wp:featuredmedia":[{"embeddable":true,"href":"http:\/\/www.alfatecpy.com\/home\/wp-json\/wp\/v2\/media\/19919"}],"wp:attachment":[{"href":"http:\/\/www.alfatecpy.com\/home\/wp-json\/wp\/v2\/media?parent=752"}],"curies":[{"name":"wp","href":"https:\/\/api.w.org\/{rel}","templated":true}]}}