{"id":733,"date":"2019-05-09T02:30:53","date_gmt":"2019-05-09T00:30:53","guid":{"rendered":"http:\/\/www.alfatecpy.com\/home\/producto\/radio-flash-yongnuo-yn622tx-canon\/"},"modified":"2021-08-11T23:47:44","modified_gmt":"2021-08-11T21:47:44","slug":"radio-flash-yongnuo-yn622tx-canon","status":"publish","type":"product","link":"http:\/\/www.alfatecpy.com\/home\/producto\/radio-flash-yongnuo-yn622tx-canon\/","title":{"rendered":"Yongnuo YN 622C TX E-TTL II Wireless Flash Controller \/ Canon"},"content":{"rendered":"<p>Controle m\u00faltiples flashes equipados con el transceptor <em><strong>YN-622C E-TTL II<\/strong><\/em> con el controlador de flash inal\u00e1mbrico YN-622C-TX E-TTL II de Yongnuo. Compatible con las c\u00e1maras Canon E-TTL II, este controlador se desliza directamente en la zapata y utiliza una frecuencia de 2.4 GHz con un rango de 328 &#8216;para activar los flashes remotos. El controlador tambi\u00e9n tiene modos TTL, manual y multi flash disponibles para un control creativo completo. Adem\u00e1s, puede utilizar 7 canales y 3 grupos para configurar m\u00faltiples unidades de flash de manera f\u00e1cil y eficiente.<\/p>\n","protected":false},"excerpt":{"rendered":"<p>*R\u00e9gimen Tur\u00edstico<br \/>\n*No incluye IVA<\/p>\n","protected":false},"featured_media":2379,"comment_status":"open","ping_status":"closed","template":"","meta":[],"_links":{"self":[{"href":"http:\/\/www.alfatecpy.com\/home\/wp-json\/wp\/v2\/product\/733"}],"collection":[{"href":"http:\/\/www.alfatecpy.com\/home\/wp-json\/wp\/v2\/product"}],"about":[{"href":"http:\/\/www.alfatecpy.com\/home\/wp-json\/wp\/v2\/types\/product"}],"replies":[{"embeddable":true,"href":"http:\/\/www.alfatecpy.com\/home\/wp-json\/wp\/v2\/comments?post=733"}],"wp:featuredmedia":[{"embeddable":true,"href":"http:\/\/www.alfatecpy.com\/home\/wp-json\/wp\/v2\/media\/2379"}],"wp:attachment":[{"href":"http:\/\/www.alfatecpy.com\/home\/wp-json\/wp\/v2\/media?parent=733"}],"curies":[{"name":"wp","href":"https:\/\/api.w.org\/{rel}","templated":true}]}}