{"id":732,"date":"2019-05-09T02:30:53","date_gmt":"2019-05-09T00:30:53","guid":{"rendered":"http:\/\/www.alfatecpy.com\/home\/producto\/radio-flash-yongnuo-yn622c-ii-canon\/"},"modified":"2021-05-12T17:37:58","modified_gmt":"2021-05-12T15:37:58","slug":"radio-flash-yongnuo-yn622c-ii-canon","status":"publish","type":"product","link":"http:\/\/www.alfatecpy.com\/home\/producto\/radio-flash-yongnuo-yn622c-ii-canon\/","title":{"rendered":"Yongnuo YN-622C II E-TTL Wireless Flash Transceiver \/ Canon"},"content":{"rendered":"<p>Los disparos de destello de forma inal\u00e1mbrica con este paquete de 2 de Transceptores de Flash Inal\u00e1mbricos <em><strong>YN-622C II E-TTL de Yongnuo<\/strong><\/em>. Compatible con las c\u00e1maras Canon E-TTL \/ E-TTL II y con soporte adicional para los protocolos de comunicaci\u00f3n 622 y 560-RX, este conjunto funcionar\u00e1 bien con muchas unidades de flash. Para su uso, un transceptor se desliza directamente en la zapata y utiliza una frecuencia de 2.4 GHz con un rango de 328 &#8216;para disparar los flashes remotos montados en el otro transceptor. Se ha agregado una variedad de caracter\u00edsticas en el modelo, incluida la compatibilidad con relaciones de grupo y flash m\u00faltiple. Los transceptores tambi\u00e9n tienen una zapata y un puerto de sincronizaci\u00f3n de PC disponibles para montar una unidad de flash o conectarse a un estroboscopio. Cuando se conecta a una luz estrobosc\u00f3pica a trav\u00e9s del puerto de sincronizaci\u00f3n de PC, la funci\u00f3n S\u00faper Sincronizaci\u00f3n permitir\u00e1 a los fot\u00f3grafos lograr una velocidad de sincronizaci\u00f3n m\u00e1s r\u00e1pida de lo que normalmente es posible con su c\u00e1mara. Adem\u00e1s, hay modos de flash TTL y manual disponibles para un control creativo completo. Y puede utilizar 7 canales y 3 grupos para configurar m\u00faltiples unidades de flash de manera f\u00e1cil y eficiente.<\/p>\n","protected":false},"excerpt":{"rendered":"<p>*R\u00e9gimen Tur\u00edstico<br \/>\n*No incluye IVA<\/p>\n","protected":false},"featured_media":1572,"comment_status":"open","ping_status":"closed","template":"","meta":[],"_links":{"self":[{"href":"http:\/\/www.alfatecpy.com\/home\/wp-json\/wp\/v2\/product\/732"}],"collection":[{"href":"http:\/\/www.alfatecpy.com\/home\/wp-json\/wp\/v2\/product"}],"about":[{"href":"http:\/\/www.alfatecpy.com\/home\/wp-json\/wp\/v2\/types\/product"}],"replies":[{"embeddable":true,"href":"http:\/\/www.alfatecpy.com\/home\/wp-json\/wp\/v2\/comments?post=732"}],"wp:featuredmedia":[{"embeddable":true,"href":"http:\/\/www.alfatecpy.com\/home\/wp-json\/wp\/v2\/media\/1572"}],"wp:attachment":[{"href":"http:\/\/www.alfatecpy.com\/home\/wp-json\/wp\/v2\/media?parent=732"}],"curies":[{"name":"wp","href":"https:\/\/api.w.org\/{rel}","templated":true}]}}