{"id":731,"date":"2019-05-09T02:30:53","date_gmt":"2019-05-09T00:30:53","guid":{"rendered":"http:\/\/www.alfatecpy.com\/home\/producto\/radio-flash-yongnuo-yn622-tx-i-ttl-for-nikon\/"},"modified":"2020-10-16T14:34:52","modified_gmt":"2020-10-16T12:34:52","slug":"radio-flash-yongnuo-yn622-tx-i-ttl-for-nikon","status":"publish","type":"product","link":"http:\/\/www.alfatecpy.com\/home\/producto\/radio-flash-yongnuo-yn622-tx-i-ttl-for-nikon\/","title":{"rendered":"Radio Flash Controler YONGNUO YN622-TX I-TTL P\/Nikon"},"content":{"rendered":"<p>Descripci\u00f3n general de Yongnuo YN-622N-TX<br \/>\nControle varios flashes equipados con el transceptor YN-622N i-TTL con el controlador de flash inal\u00e1mbrico YN-622N-TX i-TTL de Yongnuo. Compatible con las c\u00e1maras Nikon i-TTL, este controlador se desliza directamente en la zapata y utiliza una frecuencia de 2,4 GHz con un rango de 328 &#8216;para disparar los flashes remotos. El controlador tambi\u00e9n tiene modos TTL, manual y flash m\u00faltiple disponibles para un control creativo total. Adem\u00e1s, puede utilizar 7 canales y 3 grupos para configurar m\u00faltiples unidades de flash de manera f\u00e1cil y eficiente.<\/p>\n<p>El YN-622N-TX utiliza una pantalla LCD para mostrar la configuraci\u00f3n y permitir a los usuarios realizar ajustes. En el dispositivo tambi\u00e9n hay un rayo de ayuda AF para ayudar en condiciones de poca luz. Hay varios modos de sincronizaci\u00f3n disponibles para necesidades o efectos m\u00e1s espec\u00edficos, incluida la sincronizaci\u00f3n de la primera y segunda cortina. Un modo de sincronizaci\u00f3n de alta velocidad ayudar\u00e1 en condiciones de iluminaci\u00f3n brillante y para detener el movimiento con una velocidad m\u00e1xima de 1\/8000 segundos. Un puerto mini-USB incorporado permite instalar actualizaciones de firmware y el dispositivo funciona con 2 bater\u00edas AA.<\/p>\n","protected":false},"excerpt":{"rendered":"<p>*R\u00e9gimen Tur\u00edstico<br \/>\n*No incluye IVA<\/p>\n","protected":false},"featured_media":3579,"comment_status":"open","ping_status":"closed","template":"","meta":[],"_links":{"self":[{"href":"http:\/\/www.alfatecpy.com\/home\/wp-json\/wp\/v2\/product\/731"}],"collection":[{"href":"http:\/\/www.alfatecpy.com\/home\/wp-json\/wp\/v2\/product"}],"about":[{"href":"http:\/\/www.alfatecpy.com\/home\/wp-json\/wp\/v2\/types\/product"}],"replies":[{"embeddable":true,"href":"http:\/\/www.alfatecpy.com\/home\/wp-json\/wp\/v2\/comments?post=731"}],"wp:featuredmedia":[{"embeddable":true,"href":"http:\/\/www.alfatecpy.com\/home\/wp-json\/wp\/v2\/media\/3579"}],"wp:attachment":[{"href":"http:\/\/www.alfatecpy.com\/home\/wp-json\/wp\/v2\/media?parent=731"}],"curies":[{"name":"wp","href":"https:\/\/api.w.org\/{rel}","templated":true}]}}