{"id":7271,"date":"2022-04-30T16:12:57","date_gmt":"2022-04-30T14:12:57","guid":{"rendered":"http:\/\/www.alfatecpy.com\/home\/?post_type=product&#038;p=7271"},"modified":"2022-05-21T17:02:22","modified_gmt":"2022-05-21T15:02:22","slug":"luz-de-relleno-led-de-doble-brazo","status":"publish","type":"product","link":"http:\/\/www.alfatecpy.com\/home\/producto\/luz-de-relleno-led-de-doble-brazo\/","title":{"rendered":"LUZ DE RELLENO LED DE DOBLE BRAZO"},"content":{"rendered":"<p><b>Luz de relleno LED de doble brazo KN176, con soporte y estuche incluidos.\u00a0<\/b><span class=\"goog-text-highlight\">Modelo: KN176 Potencia de entrada: 110 V\/220 V &#8211; 50 Hz\/60 Hz Potencia de salida: 40 W Rango de ajuste: Ajuste continuo Temperatura de color: 3000 K &#8211; 6000 K (+-200 K) \u00cdndice de flash: RA&gt;90 Dimensiones: Altura 700 mm, longitud de la l\u00e1mpara 450 mm, grosor de la l\u00e1mpara 25 mm<\/span><\/p>\n","protected":false},"excerpt":{"rendered":"<p>*Regimen turistico<br \/>\n*No incluye IVA<\/p>\n","protected":false},"featured_media":7273,"comment_status":"open","ping_status":"closed","template":"","meta":[],"_links":{"self":[{"href":"http:\/\/www.alfatecpy.com\/home\/wp-json\/wp\/v2\/product\/7271"}],"collection":[{"href":"http:\/\/www.alfatecpy.com\/home\/wp-json\/wp\/v2\/product"}],"about":[{"href":"http:\/\/www.alfatecpy.com\/home\/wp-json\/wp\/v2\/types\/product"}],"replies":[{"embeddable":true,"href":"http:\/\/www.alfatecpy.com\/home\/wp-json\/wp\/v2\/comments?post=7271"}],"wp:featuredmedia":[{"embeddable":true,"href":"http:\/\/www.alfatecpy.com\/home\/wp-json\/wp\/v2\/media\/7273"}],"wp:attachment":[{"href":"http:\/\/www.alfatecpy.com\/home\/wp-json\/wp\/v2\/media?parent=7271"}],"curies":[{"name":"wp","href":"https:\/\/api.w.org\/{rel}","templated":true}]}}