{"id":726,"date":"2019-05-09T02:30:51","date_gmt":"2019-05-09T00:30:51","guid":{"rendered":"http:\/\/www.alfatecpy.com\/home\/producto\/radio-flash-yongnuo-rf-603c-ii-p-canon\/"},"modified":"2022-05-24T18:16:23","modified_gmt":"2022-05-24T16:16:23","slug":"radio-flash-yongnuo-rf-603c-ii-p-canon","status":"publish","type":"product","link":"http:\/\/www.alfatecpy.com\/home\/producto\/radio-flash-yongnuo-rf-603c-ii-p-canon\/","title":{"rendered":"RADIO FLASH YONGNUO RF-603C II P\/CANON"},"content":{"rendered":"<p>Este kit de disparador de flash remoto <em><strong>RF-603C II de Yongnuo<\/strong><\/em> cuenta con dos transceptores de 16 canales, 2.4 GHz y un cable de disparo para el disparo remoto de c\u00e1maras Canon con una conexi\u00f3n de 3 clavijas. Cada transceptor tiene una zapata de c\u00e1mara macho en la parte inferior, as\u00ed como una zapata hembra en la parte superior para disparar una unidad de flash. El sistema tiene un rango inal\u00e1mbrico de 328 &#8216;y puede sincronizarse a velocidades de hasta 1\/320 segundos. Adem\u00e1s, tiene un disparador de doble funci\u00f3n con capacidades de media presi\u00f3n y de prensa completa.<\/p>\n<p>Los transceptores se pueden colocar en modo de transmisi\u00f3n individual o en modo de transceptor seg\u00fan sus necesidades y pueden activar unidades de flash y c\u00e1maras. Adem\u00e1s, tiene 2,5 mm y puertos de sincronizaci\u00f3n de PC para usar cables adicionales para conectar flashes de estudio o para diferentes c\u00e1maras. Este kit viene con un cable de liberaci\u00f3n del obturador para la conexi\u00f3n de 3 pines. Adem\u00e1s, cada disparador funciona con 2 bater\u00edas AAA ( no inclu\u00eddas).<\/p>\n","protected":false},"excerpt":{"rendered":"<p>*R\u00e9gimen Tur\u00edstico<br \/>\n*No incluye IVA<\/p>\n","protected":false},"featured_media":1553,"comment_status":"open","ping_status":"closed","template":"","meta":[],"_links":{"self":[{"href":"http:\/\/www.alfatecpy.com\/home\/wp-json\/wp\/v2\/product\/726"}],"collection":[{"href":"http:\/\/www.alfatecpy.com\/home\/wp-json\/wp\/v2\/product"}],"about":[{"href":"http:\/\/www.alfatecpy.com\/home\/wp-json\/wp\/v2\/types\/product"}],"replies":[{"embeddable":true,"href":"http:\/\/www.alfatecpy.com\/home\/wp-json\/wp\/v2\/comments?post=726"}],"wp:featuredmedia":[{"embeddable":true,"href":"http:\/\/www.alfatecpy.com\/home\/wp-json\/wp\/v2\/media\/1553"}],"wp:attachment":[{"href":"http:\/\/www.alfatecpy.com\/home\/wp-json\/wp\/v2\/media?parent=726"}],"curies":[{"name":"wp","href":"https:\/\/api.w.org\/{rel}","templated":true}]}}