{"id":720,"date":"2019-05-09T02:30:50","date_gmt":"2019-05-09T00:30:50","guid":{"rendered":"http:\/\/www.alfatecpy.com\/home\/producto\/radio-flash-nicefoto-ttl-316c\/"},"modified":"2022-06-16T16:27:31","modified_gmt":"2022-06-16T14:27:31","slug":"radio-flash-nicefoto-ttl-316c","status":"publish","type":"product","link":"http:\/\/www.alfatecpy.com\/home\/producto\/radio-flash-nicefoto-ttl-316c\/","title":{"rendered":"RADIO FLASH NICEFOTO TTL-316C"},"content":{"rendered":"<p>Nicefoto TTL-316C dispara flashes de forma inal\u00e1mbrica.\u00a0Compatible con c\u00e1maras Canon E-TTL \/ E-TTL II.\u00a0El transmisor se desliza directamente en la zapata caliente y utiliza una frecuencia de 2,4 GHz con un alcance de 100 m para activar los flashes remotos montados en el receptor.\u00a0El gatillo tiene una zapata caliente y un tr\u00edpode para montar una unidad de flash o un tr\u00edpode.\u00a0Incluso hay modos de flash TTL y manual disponibles para un control creativo completo.\u00a0Y puede utilizar 7 canales y 3 grupos para configurar m\u00faltiples unidades de flash de manera f\u00e1cil y eficiente.<\/p>\n<p>El E-TTL-316C utiliza una serie de LED para mostrar la configuraci\u00f3n y permitir que los usuarios realicen ajustes.\u00a0Hay m\u00faltiples modos de sincronizaci\u00f3n disponibles para necesidades o efectos m\u00e1s espec\u00edficos, incluida la sincronizaci\u00f3n de la primera y segunda cortinilla.\u00a0Un modo de sincronizaci\u00f3n de alta velocidad (HSS) est\u00e1 disponible cuando se conecta un flash y ayudar\u00e1 en condiciones de iluminaci\u00f3n brillante y para detener el movimiento con una velocidad m\u00e1xima de 1\/8000 segundos.\u00a0Adem\u00e1s, el transmisor y el receptor funcionan con 2 pilas AA cada uno.<\/p>\n<p>&nbsp;<\/p>\n<p>TTLCompatible con:<\/p>\n<p>C\u00e1maras: Canon EOS 5D Mark II \\ 5D Mark III \\ 1D Mark III \\ 1D Mark IV \\ 7D \\ 70D \\ 60D \\ 50D \\ 40D \\ 700D \\ 650D \\ 600D \\ 550D \\ 450D \\ 1100D \\ 1000D \\ 1DX.<br \/>\nSpeedlites: Canon SpeedLite 600EX-RT \\ 580EX II \\ 580EX \\ 430EX II \\ 430EX \\ 320EX \\ 270EX II \\ 270EX.<\/p>\n<p>&nbsp;<\/p>\n","protected":false},"excerpt":{"rendered":"<p>*R\u00e9gimen Tur\u00edstico<br \/>\n*No incluye IVA<\/p>\n","protected":false},"featured_media":1986,"comment_status":"open","ping_status":"closed","template":"","meta":[],"_links":{"self":[{"href":"http:\/\/www.alfatecpy.com\/home\/wp-json\/wp\/v2\/product\/720"}],"collection":[{"href":"http:\/\/www.alfatecpy.com\/home\/wp-json\/wp\/v2\/product"}],"about":[{"href":"http:\/\/www.alfatecpy.com\/home\/wp-json\/wp\/v2\/types\/product"}],"replies":[{"embeddable":true,"href":"http:\/\/www.alfatecpy.com\/home\/wp-json\/wp\/v2\/comments?post=720"}],"wp:featuredmedia":[{"embeddable":true,"href":"http:\/\/www.alfatecpy.com\/home\/wp-json\/wp\/v2\/media\/1986"}],"wp:attachment":[{"href":"http:\/\/www.alfatecpy.com\/home\/wp-json\/wp\/v2\/media?parent=720"}],"curies":[{"name":"wp","href":"https:\/\/api.w.org\/{rel}","templated":true}]}}