{"id":7167,"date":"2022-04-29T20:24:47","date_gmt":"2022-04-29T18:24:47","guid":{"rendered":"http:\/\/www.alfatecpy.com\/home\/?post_type=product&#038;p=7167"},"modified":"2022-07-20T13:11:36","modified_gmt":"2022-07-20T11:11:36","slug":"mochila-fotografica-e-image-oscar-b60","status":"publish","type":"product","link":"http:\/\/www.alfatecpy.com\/home\/producto\/mochila-fotografica-e-image-oscar-b60\/","title":{"rendered":"MOCHILA FOTOGRAFICA  E-IMAGE OSCAR B60"},"content":{"rendered":"<p>La mochila Oscar B60 est\u00e1 especialmente dise\u00f1ada para los drones DJI Phantom 4 y Phantom 3 Professional Advanced y Standard y otros drones con formas similares. La mochila de v\u00eddeo e-image es espaciosa y est\u00e1 dise\u00f1ada para llevar muchos accesorios. Esta nueva Bolsa proporciona una manera pr\u00e1ctica de transportar tu equipo, ya sea que est\u00e9s de senderismo o simplemente yendo a dar un paseo filmando v\u00eddeo en el parque. Es extremadamente ligero, pero muy duradero con material resistente al agua de nailon 600D y 420D.<\/p>\n<p data-spm-anchor-id=\"a2700.details.0.i40.5a927f7ezTSvap\"><strong data-spm-anchor-id=\"a2700.details.0.i39.5a927f7ezTSvap\">Caracter\u00edsticas:<\/strong><br \/>\n1. Los divisores dise\u00f1ados a medida tienen la opci\u00f3n de ser personalizados para los Drones y accesorios DJI Quadcopter.<br \/>\n2. Mochila totalmente ajustable y correas para el pecho con espuma en la espalda lo hacen f\u00e1cil y c\u00f3modo de llevar.<br \/>\n3. Dise\u00f1o lateral abierto para un acceso r\u00e1pido y f\u00e1cil a los contenidos y cremalleras YKK duraderas.<br \/>\n4. Amplio almacenamiento para los accesorios como un tr\u00edpode, botellas de agua, etc.<br \/>\n5. Las cremalleras YKK proporcionan un funcionamiento duradero y suave<\/p>\n<p>&nbsp;<\/p>\n<p>&nbsp;<\/p>\n<p><sub><strong>Especificaci\u00f3n:<\/strong><\/sub><\/p>\n<table border=\"1\">\n<tbody>\n<tr>\n<td>Tama\u00f1o<\/td>\n<td>Tama\u00f1o interno<\/td>\n<td>Exterior m\u00e1ximo tama\u00f1o<\/td>\n<\/tr>\n<tr>\n<td>L<\/td>\n<td>30,5 cm \/ 12in<\/td>\n<td>33cm \/ 13in<\/td>\n<\/tr>\n<tr>\n<td>W<\/td>\n<td>18,5 cm\/7,3En<\/td>\n<td>28cm \/ 11in<\/td>\n<\/tr>\n<tr>\n<td>H<\/td>\n<td>45cm \/ 17.7in<\/td>\n<td>46,5 cm\/18,3En<\/td>\n<\/tr>\n<tr>\n<td>Peso<\/td>\n<td colspan=\"2\">2,2 kg \/ 4.8lbs<\/td>\n<\/tr>\n<tr>\n<td>Tela<\/td>\n<td colspan=\"2\">Nylon 1680D port\u00e1til resistente al agua<\/td>\n<\/tr>\n<\/tbody>\n<\/table>\n","protected":false},"excerpt":{"rendered":"<p>*Regimen turistico<br \/>\n*No incluye IVA<\/p>\n","protected":false},"featured_media":7170,"comment_status":"open","ping_status":"closed","template":"","meta":[],"_links":{"self":[{"href":"http:\/\/www.alfatecpy.com\/home\/wp-json\/wp\/v2\/product\/7167"}],"collection":[{"href":"http:\/\/www.alfatecpy.com\/home\/wp-json\/wp\/v2\/product"}],"about":[{"href":"http:\/\/www.alfatecpy.com\/home\/wp-json\/wp\/v2\/types\/product"}],"replies":[{"embeddable":true,"href":"http:\/\/www.alfatecpy.com\/home\/wp-json\/wp\/v2\/comments?post=7167"}],"wp:featuredmedia":[{"embeddable":true,"href":"http:\/\/www.alfatecpy.com\/home\/wp-json\/wp\/v2\/media\/7170"}],"wp:attachment":[{"href":"http:\/\/www.alfatecpy.com\/home\/wp-json\/wp\/v2\/media?parent=7167"}],"curies":[{"name":"wp","href":"https:\/\/api.w.org\/{rel}","templated":true}]}}