{"id":708,"date":"2019-05-09T02:30:45","date_gmt":"2019-05-09T00:30:45","guid":{"rendered":"http:\/\/www.alfatecpy.com\/home\/producto\/radio-flash-godox-xpro-n-ttl-nikon\/"},"modified":"2022-06-30T14:08:57","modified_gmt":"2022-06-30T12:08:57","slug":"radio-flash-godox-xpro-n-ttl-nikon","status":"publish","type":"product","link":"http:\/\/www.alfatecpy.com\/home\/producto\/radio-flash-godox-xpro-n-ttl-nikon\/","title":{"rendered":"Godox XProN TTL Wireless Flash Trigger \/ Nikon"},"content":{"rendered":"<p>Al usar el sistema de radio inal\u00e1mbrico Godox X de 2.4 GHz, el disparador de flash inal\u00e1mbrico <em><strong>XProN TTL de Godox<\/strong><\/em> se puede usar para disparar de manera efectiva y confiable destellos de hasta 328 &#8216;de distancia, y cuando se usa con flashes y receptores compatibles, los usuarios tendr\u00e1n el beneficio adicional del control remoto de energ\u00eda . Este modelo es compatible con el sistema i-TTL de Nikon, que incluye soporte para sincronizaci\u00f3n de alta velocidad de hasta 1\/8000 segundos, y ofrece opciones de control avanzadas junto con configuraciones para trabajar con funciones espec\u00edficas del sistema. Para garantizar la m\u00e1xima confiabilidad y control, los usuarios pueden configurar 16 grupos en uno de los 32 canales y luego pueden acceder a 99 configuraciones de ID inal\u00e1mbrica para limitar la interferencia de otros sistemas cercanos.<\/p>\n","protected":false},"excerpt":{"rendered":"<p>*R\u00e9gimen Tur\u00edstico<br \/>\n*No incluye IVA<\/p>\n","protected":false},"featured_media":1692,"comment_status":"open","ping_status":"closed","template":"","meta":[],"_links":{"self":[{"href":"http:\/\/www.alfatecpy.com\/home\/wp-json\/wp\/v2\/product\/708"}],"collection":[{"href":"http:\/\/www.alfatecpy.com\/home\/wp-json\/wp\/v2\/product"}],"about":[{"href":"http:\/\/www.alfatecpy.com\/home\/wp-json\/wp\/v2\/types\/product"}],"replies":[{"embeddable":true,"href":"http:\/\/www.alfatecpy.com\/home\/wp-json\/wp\/v2\/comments?post=708"}],"wp:featuredmedia":[{"embeddable":true,"href":"http:\/\/www.alfatecpy.com\/home\/wp-json\/wp\/v2\/media\/1692"}],"wp:attachment":[{"href":"http:\/\/www.alfatecpy.com\/home\/wp-json\/wp\/v2\/media?parent=708"}],"curies":[{"name":"wp","href":"https:\/\/api.w.org\/{rel}","templated":true}]}}