{"id":707,"date":"2019-05-09T02:30:45","date_gmt":"2019-05-09T00:30:45","guid":{"rendered":"http:\/\/www.alfatecpy.com\/home\/producto\/radio-flash-4ch-wasem-recptor\/"},"modified":"2022-07-18T15:51:26","modified_gmt":"2022-07-18T13:51:26","slug":"radio-flash-4ch-wasem-recptor","status":"publish","type":"product","link":"http:\/\/www.alfatecpy.com\/home\/producto\/radio-flash-4ch-wasem-recptor\/","title":{"rendered":"RADIO FLASH 4CH WASEM RECPTOR"},"content":{"rendered":"<p><strong>Descripci\u00f3n del producto:<\/strong><\/p>\n<p data-spm-anchor-id=\"a2g0o.detail.1000023.i4.6a3717deYvHq7K\">El disparador remoto para flashes de estudio y flash al aire libre se utiliza como controlador de flash de estudio disparador s\u00edncronos de c\u00e1maras. Se compone de un emisor de se\u00f1al y un disparador del receptor y trabaja por medio de la modulaci\u00f3n de frecuencia de control remoto inal\u00e1mbrico.<\/p>\n<p>El transmisor de la se\u00f1al adopta el circuito y componentes avanzados, y puede transmitir el signa inal\u00e1mbrico FM codificada. El circuito del transmisor tiene la funci\u00f3n de espera y de hibernaci\u00f3n, por lo que tiene bajo consumo de energ\u00eda; Los productos pueden trabajar bajo el modo de espera durante m\u00e1s de un a\u00f1o con s\u00f3lo una bater\u00eda; disparar de forma continua durante treinta mil veces. La corriente de disparo es s\u00f3lo 0.01MA, que sin duda causar\u00e1 ning\u00fan da\u00f1o al contacto de flash de la c\u00e1mara. El transmisor es aplicable a la c\u00e1mara tradicional o digital con zapata o interfaz de control de PC.<\/p>\n<p>Receiver gatillo adopta la bater\u00eda seca para la fuente de alimentaci\u00f3n, que es seguro, ahorro de energ\u00eda, y conveniente. El producto adopta micro-ordenador para controlar la decodificaci\u00f3n, que tiene capacidad anti-interferencia; velocidad de reacci\u00f3n sensible, la m\u00e1s alta velocidad de sincronismo puede llegar a 1\/250 seg.<\/p>\n<p data-spm-anchor-id=\"a2g0o.detail.1000023.i3.6a3717deYvHq7K\">Todos los modelos de producto tienen \u00fanicamente la t\u00e9cnica de aislamiento multi-frecuencia y la funci\u00f3n de adaptaci\u00f3n auto de codificaci\u00f3n por los usuarios. Los usuarios pueden coincidir libremente y utilizar el remitente y el receptor de acuerdo con las exigencias, que tienen 16 canales aislados para adaptarse a entornos de disparo espec\u00edficos. Dispara ambientada en diferentes canales se pueden combinar para trabajar de forma independiente o trabajar pero no interferir unos con otros en una distancia eficiente.<\/p>\n","protected":false},"excerpt":{"rendered":"<p>*R\u00e9gimen Tur\u00edstico<br \/>\n*No incluye IVA<\/p>\n","protected":false},"featured_media":19769,"comment_status":"open","ping_status":"closed","template":"","meta":[],"_links":{"self":[{"href":"http:\/\/www.alfatecpy.com\/home\/wp-json\/wp\/v2\/product\/707"}],"collection":[{"href":"http:\/\/www.alfatecpy.com\/home\/wp-json\/wp\/v2\/product"}],"about":[{"href":"http:\/\/www.alfatecpy.com\/home\/wp-json\/wp\/v2\/types\/product"}],"replies":[{"embeddable":true,"href":"http:\/\/www.alfatecpy.com\/home\/wp-json\/wp\/v2\/comments?post=707"}],"wp:featuredmedia":[{"embeddable":true,"href":"http:\/\/www.alfatecpy.com\/home\/wp-json\/wp\/v2\/media\/19769"}],"wp:attachment":[{"href":"http:\/\/www.alfatecpy.com\/home\/wp-json\/wp\/v2\/media?parent=707"}],"curies":[{"name":"wp","href":"https:\/\/api.w.org\/{rel}","templated":true}]}}