{"id":6977,"date":"2022-04-28T16:38:19","date_gmt":"2022-04-28T14:38:19","guid":{"rendered":"http:\/\/www.alfatecpy.com\/home\/?post_type=product&#038;p=6977"},"modified":"2022-07-20T13:57:04","modified_gmt":"2022-07-20T11:57:04","slug":"mochila-fotografica-fuzy","status":"publish","type":"product","link":"http:\/\/www.alfatecpy.com\/home\/producto\/mochila-fotografica-fuzy\/","title":{"rendered":"Mochila Fotogr\u00e1fica Fuzy"},"content":{"rendered":"<p><span>Con una l\u00ednea profesional compacta, cuenta con divisores removibles y ajustables para permitir su uso de acuerdo a las necesidades del fot\u00f3grafo.\u00a0Su correa para el hombro es ajustable y acolchada para garantizar una comodidad total.<\/span><\/p>\n<p><span><span class=\"\">Ideal para fot\u00f3grafos, vide\u00f3grafos o cualquier persona que busque su propia bolsa para transportar equipos, incluyendo notebook, bater\u00edas, cables y otros.<\/span><\/span><\/p>\n<p><strong><span><span class=\"goog-text-highlight\">Esta mochila tiene capacidad para albergar:\u00a0<\/span><\/span><\/strong><span><span class=\"goog-text-highlight\">\u00a01 flash, 1 c\u00e1mara DSLR con lente incorporado, 3 lentes fotogr\u00e1ficos medianos, 1 lente fotogr\u00e1fico peque\u00f1o de 50 mm, 1 notebook de 14\u201d, cables, bater\u00edas y otros accesorios.\u00a0<\/span>Con soporte lateral para tr\u00edpode.<\/span><\/p>\n","protected":false},"excerpt":{"rendered":"<p>*Regimen turistico<br \/>\n*No incluye IVA<\/p>\n","protected":false},"featured_media":6980,"comment_status":"open","ping_status":"closed","template":"","meta":[],"_links":{"self":[{"href":"http:\/\/www.alfatecpy.com\/home\/wp-json\/wp\/v2\/product\/6977"}],"collection":[{"href":"http:\/\/www.alfatecpy.com\/home\/wp-json\/wp\/v2\/product"}],"about":[{"href":"http:\/\/www.alfatecpy.com\/home\/wp-json\/wp\/v2\/types\/product"}],"replies":[{"embeddable":true,"href":"http:\/\/www.alfatecpy.com\/home\/wp-json\/wp\/v2\/comments?post=6977"}],"wp:featuredmedia":[{"embeddable":true,"href":"http:\/\/www.alfatecpy.com\/home\/wp-json\/wp\/v2\/media\/6980"}],"wp:attachment":[{"href":"http:\/\/www.alfatecpy.com\/home\/wp-json\/wp\/v2\/media?parent=6977"}],"curies":[{"name":"wp","href":"https:\/\/api.w.org\/{rel}","templated":true}]}}