{"id":641,"date":"2019-05-09T02:30:26","date_gmt":"2019-05-09T00:30:26","guid":{"rendered":"http:\/\/www.alfatecpy.com\/home\/producto\/monope-benro-a38fds2\/"},"modified":"2022-05-28T16:51:57","modified_gmt":"2022-05-28T14:51:57","slug":"monope-benro-a38fds2","status":"publish","type":"product","link":"http:\/\/www.alfatecpy.com\/home\/producto\/monope-benro-a38fds2\/","title":{"rendered":"Benro A38FDS2 Monopod"},"content":{"rendered":"<p>El\u00a0 <em><strong>Benro A38FDS2 Monopod<\/strong><\/em> es ideal para c\u00e1maras peque\u00f1as. Cuenta con una base de bloqueo de 3 patas con r\u00f3tula para tomas suaves y estables junto con patas plegables hacia atr\u00e1s para un viaje compacto. La cabeza S2 incluye un bloqueo de paneo independiente, que le permite realizar una panor\u00e1mica suave sin tener que girar todo el monopie. Otras caracter\u00edsticas incluyen bloqueo de inclinaci\u00f3n, empu\u00f1adura de espuma y nivel de burbuja incorporado. Incluye estuche de transporte.<\/p>\n","protected":false},"excerpt":{"rendered":"<p>*R\u00e9gimen Tur\u00edstico<br \/>\n*No incluye IVA<\/p>\n","protected":false},"featured_media":11691,"comment_status":"open","ping_status":"closed","template":"","meta":[],"_links":{"self":[{"href":"http:\/\/www.alfatecpy.com\/home\/wp-json\/wp\/v2\/product\/641"}],"collection":[{"href":"http:\/\/www.alfatecpy.com\/home\/wp-json\/wp\/v2\/product"}],"about":[{"href":"http:\/\/www.alfatecpy.com\/home\/wp-json\/wp\/v2\/types\/product"}],"replies":[{"embeddable":true,"href":"http:\/\/www.alfatecpy.com\/home\/wp-json\/wp\/v2\/comments?post=641"}],"wp:featuredmedia":[{"embeddable":true,"href":"http:\/\/www.alfatecpy.com\/home\/wp-json\/wp\/v2\/media\/11691"}],"wp:attachment":[{"href":"http:\/\/www.alfatecpy.com\/home\/wp-json\/wp\/v2\/media?parent=641"}],"curies":[{"name":"wp","href":"https:\/\/api.w.org\/{rel}","templated":true}]}}