{"id":607,"date":"2019-05-09T02:30:17","date_gmt":"2019-05-09T00:30:17","guid":{"rendered":"http:\/\/www.alfatecpy.com\/home\/producto\/mic-boya-by-m1-a\/"},"modified":"2022-07-19T17:46:03","modified_gmt":"2022-07-19T15:46:03","slug":"mic-boya-by-m1-a","status":"publish","type":"product","link":"http:\/\/www.alfatecpy.com\/home\/producto\/mic-boya-by-m1-a\/","title":{"rendered":"Microfono Boya BY-M1"},"content":{"rendered":"<p>BOYA BY-M1 es un micr\u00f3fono universal, perfecto para el uso de video dise\u00f1ado para tel\u00e9fonos inteligentes, r\u00e9flex digital, videoc\u00e1maras, grabadoras de audio, PC, etc.<br \/>\nEl micr\u00f3fono lavalier presenta un patr\u00f3n de recolecci\u00f3n Omni, para una cobertura completa de 360 grados, un cable integrado de 6 metros (20 \u201d) con conector dorado de 3,5 mm y 4 polos, se puede conectar directamente a los tel\u00e9fonos inteligentes, la mayor\u00eda de las c\u00e1maras.<\/p>\n","protected":false},"excerpt":{"rendered":"<p>*R\u00e9gimen Tur\u00edstico<br \/>\n*No incluye IVA<\/p>\n","protected":false},"featured_media":5212,"comment_status":"open","ping_status":"closed","template":"","meta":[],"_links":{"self":[{"href":"http:\/\/www.alfatecpy.com\/home\/wp-json\/wp\/v2\/product\/607"}],"collection":[{"href":"http:\/\/www.alfatecpy.com\/home\/wp-json\/wp\/v2\/product"}],"about":[{"href":"http:\/\/www.alfatecpy.com\/home\/wp-json\/wp\/v2\/types\/product"}],"replies":[{"embeddable":true,"href":"http:\/\/www.alfatecpy.com\/home\/wp-json\/wp\/v2\/comments?post=607"}],"wp:featuredmedia":[{"embeddable":true,"href":"http:\/\/www.alfatecpy.com\/home\/wp-json\/wp\/v2\/media\/5212"}],"wp:attachment":[{"href":"http:\/\/www.alfatecpy.com\/home\/wp-json\/wp\/v2\/media?parent=607"}],"curies":[{"name":"wp","href":"https:\/\/api.w.org\/{rel}","templated":true}]}}