{"id":599,"date":"2019-05-09T02:30:16","date_gmt":"2019-05-09T00:30:16","guid":{"rendered":"http:\/\/www.alfatecpy.com\/home\/producto\/memoria-sandisk-sd-32gb-extreme-pro-95mb-s\/"},"modified":"2022-05-12T19:26:25","modified_gmt":"2022-05-12T17:26:25","slug":"memoria-sandisk-sd-32gb-extreme-pro-95mb-s","status":"publish","type":"product","link":"http:\/\/www.alfatecpy.com\/home\/producto\/memoria-sandisk-sd-32gb-extreme-pro-95mb-s\/","title":{"rendered":"MEMORIA SANDISK SD 32GB EXTREME PRO 95MB\/S"},"content":{"rendered":"<p>Caracter\u00edsticas<br \/>\nCapacidad de almacenamiento de 32 GB<br \/>\nUHS-I \/ V30 \/ Clase 10<br \/>\nVelocidad m\u00e1xima de lectura: 95 MB \/ s<br \/>\nVelocidad m\u00e1xima de escritura: 90 MB \/ s<br \/>\nVelocidad de escritura m\u00ednima: 30 MB \/ s<br \/>\nGraba video Full HD, 3D y 4K<br \/>\nPrueba de agua \/ golpes \/ rayos X<br \/>\nPrueba de temperatura<br \/>\nInterruptor de protecci\u00f3n contra escritura incorporado<br \/>\nSoftware de recuperaci\u00f3n de fotos descargable<\/p>\n<p>Dise\u00f1ada para dispositivos SD que pueden capturar video Full HD, 3D y 4K, as\u00ed como fotograf\u00edas RAW y r\u00e1fagas, la tarjeta de memoria Extreme PRO SDHC UHS-I de 32GB de SanDisk tiene una capacidad de 32GB, es compatible con el bus UHS-I y cuenta con una clasificaci\u00f3n de clase de velocidad de V30, que garantiza velocidades de escritura m\u00ednimas de 30 MB \/ s. Si su dispositivo no es compatible con el est\u00e1ndar V30, esta tarjeta tambi\u00e9n es compatible con el est\u00e1ndar U3, que tambi\u00e9n garantiza velocidades de escritura m\u00ednimas de 30 MB \/ s. Se admiten velocidades de lectura de hasta 95 MB \/ sy velocidades de escritura m\u00e1ximas de 90 MB \/ s.<\/p>\n<p>Dise\u00f1ada para condiciones extremas, la tarjeta de memoria Extreme PRO SDHC UHS-I de 32 GB de SanDisk es resistente al agua, los golpes, los rayos X y la temperatura para ayudar a proteger sus datos. Un interruptor de protecci\u00f3n contra escritura incorporado ayuda a proteger su contenido, mientras que el motor avanzado de c\u00f3digo de correcci\u00f3n de errores ofrece una mayor integridad de los datos y confiabilidad de la tarjeta durante las operaciones de lectura y escritura. Esta tarjeta de memoria incluye el software de recuperaci\u00f3n de datos RescuePRO descargable, que es bueno para un a\u00f1o de uso y le ayuda a restaurar im\u00e1genes borradas accidentalmente.<\/p>\n","protected":false},"excerpt":{"rendered":"<p>*R\u00e9gimen Tur\u00edstico<br \/>\n*No incluye IVA<\/p>\n","protected":false},"featured_media":4443,"comment_status":"open","ping_status":"closed","template":"","meta":[],"_links":{"self":[{"href":"http:\/\/www.alfatecpy.com\/home\/wp-json\/wp\/v2\/product\/599"}],"collection":[{"href":"http:\/\/www.alfatecpy.com\/home\/wp-json\/wp\/v2\/product"}],"about":[{"href":"http:\/\/www.alfatecpy.com\/home\/wp-json\/wp\/v2\/types\/product"}],"replies":[{"embeddable":true,"href":"http:\/\/www.alfatecpy.com\/home\/wp-json\/wp\/v2\/comments?post=599"}],"wp:featuredmedia":[{"embeddable":true,"href":"http:\/\/www.alfatecpy.com\/home\/wp-json\/wp\/v2\/media\/4443"}],"wp:attachment":[{"href":"http:\/\/www.alfatecpy.com\/home\/wp-json\/wp\/v2\/media?parent=599"}],"curies":[{"name":"wp","href":"https:\/\/api.w.org\/{rel}","templated":true}]}}