{"id":5844,"date":"2022-04-21T15:19:09","date_gmt":"2022-04-21T13:19:09","guid":{"rendered":"http:\/\/www.alfatecpy.com\/home\/?post_type=product&#038;p=5844"},"modified":"2022-07-01T20:54:24","modified_gmt":"2022-07-01T18:54:24","slug":"kit-de-flash-godox-v860iii-ttl-para-nikon","status":"publish","type":"product","link":"http:\/\/www.alfatecpy.com\/home\/producto\/kit-de-flash-godox-v860iii-ttl-para-nikon\/","title":{"rendered":"KIT DE FLASH GODOX  V860III TTL PARA NIKON"},"content":{"rendered":"<p>La potencia, la velocidad y la transmisi\u00f3n de radio integrada hacen que el\u00a0<b>kit de flash de iones de litio Ving V860III TTL<\/b>\u00a0de\u00a0<b>Godox sea<\/b>\u00a0una opci\u00f3n dif\u00edcil de superar para sus c\u00e1maras Nikon.\u00a0Totalmente compatible con los sistemas TTL, el Ving V860III admite muchas funciones y caracter\u00edsticas avanzadas.\u00a0Adem\u00e1s, cuenta con el sistema de radio inal\u00e1mbrico Godox X, que proporciona funcionalidad TTL maestra y esclava a distancia.\u00a0Adem\u00e1s de esto, el flash es potente y vers\u00e1til, con un n\u00famero de gu\u00eda de 197 &#8216;a ISO 100 y 200 mm junto con un rango de zoom de 20-200 mm.\u00a0Y este flash funciona con una bater\u00eda recargable de iones de litio que garantiza una recarga r\u00e1pida con una capacidad de hasta 480 flashes de m\u00e1xima potencia.<\/p>\n<p>Para el funcionamiento general, el Ving V860III presenta capacidades de flash de rebote completo, que incluyen inclinaci\u00f3n y rotaci\u00f3n hacia la izquierda y hacia la derecha.\u00a0<span class=\"goog-text-highlight\">Como unidad compatible con TTL, este flash ofrece soporte para sincronizaci\u00f3n de alta velocidad, compensaci\u00f3n de exposici\u00f3n de flash, sincronizaci\u00f3n de primera y segunda cortinilla y mucho m\u00e1s.\u00a0<\/span>Adem\u00e1s, puede funcionar como una unidad maestra o esclava \u00f3ptica si es necesario.<\/p>\n","protected":false},"excerpt":{"rendered":"<p>*Regimen turistico<br \/>\n*No incluye IVA<\/p>\n","protected":false},"featured_media":5846,"comment_status":"open","ping_status":"closed","template":"","meta":[],"_links":{"self":[{"href":"http:\/\/www.alfatecpy.com\/home\/wp-json\/wp\/v2\/product\/5844"}],"collection":[{"href":"http:\/\/www.alfatecpy.com\/home\/wp-json\/wp\/v2\/product"}],"about":[{"href":"http:\/\/www.alfatecpy.com\/home\/wp-json\/wp\/v2\/types\/product"}],"replies":[{"embeddable":true,"href":"http:\/\/www.alfatecpy.com\/home\/wp-json\/wp\/v2\/comments?post=5844"}],"wp:featuredmedia":[{"embeddable":true,"href":"http:\/\/www.alfatecpy.com\/home\/wp-json\/wp\/v2\/media\/5846"}],"wp:attachment":[{"href":"http:\/\/www.alfatecpy.com\/home\/wp-json\/wp\/v2\/media?parent=5844"}],"curies":[{"name":"wp","href":"https:\/\/api.w.org\/{rel}","templated":true}]}}