{"id":584,"date":"2019-05-09T02:30:12","date_gmt":"2019-05-09T00:30:12","guid":{"rendered":"http:\/\/www.alfatecpy.com\/home\/producto\/luz-led-falconeyes-dvr-300-dvc\/"},"modified":"2022-06-13T19:35:15","modified_gmt":"2022-06-13T17:35:15","slug":"luz-led-falconeyes-dvr-300-dvc","status":"publish","type":"product","link":"http:\/\/www.alfatecpy.com\/home\/producto\/luz-led-falconeyes-dvr-300-dvc\/","title":{"rendered":"LUZ LED FALCONEYES DVR-300 DVC"},"content":{"rendered":"<div>\n<div data-spm-anchor-id=\"a2700.details.0.i35.54c72fd0eJ7N0V\">Adopta 300 unidades de led, ahorro de energ\u00eda y larga vida \u00fatil<\/div>\n<div>Luz de color amarillo 150 y luz de color blanco 150, ajusta las dos esferas de control en la parte trasera para controlar la temperatura del color de 3000 K-7000 K.<\/div>\n<div>LUX: 0,5 M (8300); 1 M (1800); 2 M (390)<\/div>\n<div>La parte inferior puede ser ajustable 180 \u00b0 e instalada en el soporte de la luz.<\/div>\n<div>Perfecto para glamour, conciertos, bodas, fotograf\u00eda de productos; tambi\u00e9n para grabaci\u00f3n de v\u00eddeo profesional, aficionado, macro videograf\u00eda, etc.<\/div>\n<\/div>\n<div><\/div>\n<div><\/div>\n<div>\n<div>\n<div><strong>Descripci\u00f3n:<\/strong><\/div>\n<div><\/div>\n<div>Esta luz de anillo LED (DVR-300DVC) se aplica con la estructura de anillo \u00fanica que es adecuada para un solo disparo de luz y puede iluminar un efecto maravilloso para tu fotograf\u00eda, por ejemplo aumentar el sentido del cubo de la imagen, etc.<\/div>\n<div><\/div>\n<div>Incluye algunos accesorios \u00fatiles<\/div>\n<div>Difusor blanco para conseguir una luz m\u00e1s suave e uniforme;<\/div>\n<div>Soporte de c\u00e1mara para instalar f\u00e1cilmente la c\u00e1mara en medio del anillo;<\/div>\n<div>Adaptador de corriente, un total de 2,8 m de largo, ofrece la potencia estable a esta luz de anillo LED<\/div>\n<div><\/div>\n<div>Especificaci\u00f3n<\/div>\n<div>N. \u00b0 de bombillas LED: 300 unidades<\/div>\n<div>Potencia: 19 W<\/div>\n<div>LUX: 0,5 M (8300); 1 M (1800); 2 M (390)<\/div>\n<div>Temperatura de Color: 3000 K-7000 K<\/div>\n<div>Voltaje: 9 V\/3A<\/div>\n<div>Central de apertura: 120mm<\/div>\n<div>Tama\u00f1o: 35&#215;26,5&#215;10,8 cm<\/div>\n<div>Peso neto 750g<\/div>\n<div>Entrada de energ\u00eda: AC100V-240V, 50\/60Hz; salida: DC9V, 3A;<\/div>\n<div>Tipo de enchufe:<\/div>\n<\/div>\n<div><\/div>\n<div>\n<div><strong>Lista de paquetes:<\/strong><\/div>\n<div><\/div>\n<div>1 anillo de luz LED (DVR-300DVC)<\/div>\n<div>1 x difusor<\/div>\n<div>1 x adaptador de corriente<\/div>\n<div>1 x soporte de c\u00e1mara<\/div>\n<div>1 x Manual del usuario<\/div>\n<\/div>\n<\/div>\n","protected":false},"excerpt":{"rendered":"<p>*R\u00e9gimen Tur\u00edstico<br \/>\n*No incluye IVA<\/p>\n","protected":false},"featured_media":14352,"comment_status":"open","ping_status":"closed","template":"","meta":[],"_links":{"self":[{"href":"http:\/\/www.alfatecpy.com\/home\/wp-json\/wp\/v2\/product\/584"}],"collection":[{"href":"http:\/\/www.alfatecpy.com\/home\/wp-json\/wp\/v2\/product"}],"about":[{"href":"http:\/\/www.alfatecpy.com\/home\/wp-json\/wp\/v2\/types\/product"}],"replies":[{"embeddable":true,"href":"http:\/\/www.alfatecpy.com\/home\/wp-json\/wp\/v2\/comments?post=584"}],"wp:featuredmedia":[{"embeddable":true,"href":"http:\/\/www.alfatecpy.com\/home\/wp-json\/wp\/v2\/media\/14352"}],"wp:attachment":[{"href":"http:\/\/www.alfatecpy.com\/home\/wp-json\/wp\/v2\/media?parent=584"}],"curies":[{"name":"wp","href":"https:\/\/api.w.org\/{rel}","templated":true}]}}