{"id":5598,"date":"2022-04-20T14:00:27","date_gmt":"2022-04-20T12:00:27","guid":{"rendered":"http:\/\/www.alfatecpy.com\/home\/?post_type=product&#038;p=5598"},"modified":"2022-07-19T15:30:26","modified_gmt":"2022-07-19T13:30:26","slug":"panel-led-112-led","status":"publish","type":"product","link":"http:\/\/www.alfatecpy.com\/home\/producto\/panel-led-112-led\/","title":{"rendered":"PANEL LED 112 LED"},"content":{"rendered":"<ul class=\"a-unordered-list a-vertical a-spacing-mini\">\n<li><span class=\"a-list-item\">V\u00eddeos de aspecto profesional incluso en poca iluminaci\u00f3n: la luz de v\u00eddeo LED bicolor de DigiPower 112 proporciona la iluminaci\u00f3n perfecta tanto para filmaci\u00f3n en interiores como exteriores, haciendo que tus v\u00eddeos se vean profesionales sin un paraguas o luz de anillo<\/span><\/li>\n<li><span class=\"a-list-item\">Ideal para uno y todos: dise\u00f1ado para blogueros de redes sociales experimentados o aspirantes, fot\u00f3grafos, periodistas y viajeros, este LED vlogging es perfecto para grabar v\u00eddeos de YouTube, TikTok e Instagram, y para transmisi\u00f3n en vivo, conferencias y entrevistas<\/span><\/li>\n<li><span class=\"a-list-item\">Brillo y ajuste de color personalizables: la luz de vlogging cuenta con 24 niveles de brillo ajustables manualmente para adaptarse al entorno y 25 ajustes de temperatura de color que te permiten ajustar la temperatura de color a tonos c\u00e1lidos, fr\u00edos o neutros<\/span><\/li>\n<\/ul>\n","protected":false},"excerpt":{"rendered":"<p>*Regimen turistico<br \/>\n*No incluye IVA<\/p>\n","protected":false},"featured_media":19913,"comment_status":"open","ping_status":"closed","template":"","meta":[],"_links":{"self":[{"href":"http:\/\/www.alfatecpy.com\/home\/wp-json\/wp\/v2\/product\/5598"}],"collection":[{"href":"http:\/\/www.alfatecpy.com\/home\/wp-json\/wp\/v2\/product"}],"about":[{"href":"http:\/\/www.alfatecpy.com\/home\/wp-json\/wp\/v2\/types\/product"}],"replies":[{"embeddable":true,"href":"http:\/\/www.alfatecpy.com\/home\/wp-json\/wp\/v2\/comments?post=5598"}],"wp:featuredmedia":[{"embeddable":true,"href":"http:\/\/www.alfatecpy.com\/home\/wp-json\/wp\/v2\/media\/19913"}],"wp:attachment":[{"href":"http:\/\/www.alfatecpy.com\/home\/wp-json\/wp\/v2\/media?parent=5598"}],"curies":[{"name":"wp","href":"https:\/\/api.w.org\/{rel}","templated":true}]}}