{"id":556,"date":"2019-05-09T02:30:05","date_gmt":"2019-05-09T00:30:05","guid":{"rendered":"http:\/\/www.alfatecpy.com\/home\/producto\/lentes-nikon-dx-35mm-f1-8g\/"},"modified":"2022-07-04T18:47:26","modified_gmt":"2022-07-04T16:47:26","slug":"lentes-nikon-dx-35mm-f1-8g","status":"publish","type":"product","link":"http:\/\/www.alfatecpy.com\/home\/producto\/lentes-nikon-dx-35mm-f1-8g\/","title":{"rendered":"LENTES NIKON DX 35MM F1.8G"},"content":{"rendered":"<p>Nikon AF-S DX NIKKOR 35mm f \/ 1.8G<\/p>\n<p>Descripci\u00f3n general:<\/p>\n<p>Casi tan vers\u00e1til como puede ser un objetivo fijo, el AF-S DX NIKKOR 35 mm f \/ 1.8G de Nikon es un objetivo equivalente a 52,5 mm para c\u00e1maras de formato DX y se caracteriza por su elegante factor de forma, campo de visi\u00f3n normal, y brillante apertura m\u00e1xima de f \/ 1.8. El dise\u00f1o r\u00e1pido de la lente se adapta al trabajo en condiciones de iluminaci\u00f3n dif\u00edciles y tambi\u00e9n permite un mejor control sobre la profundidad de campo para aislar sujetos y trabajar con t\u00e9cnicas de enfoque selectivo. El dise\u00f1o \u00f3ptico incorpora un elemento asf\u00e9rico, que ayuda a controlar la distorsi\u00f3n y las aberraciones esf\u00e9ricas para producir una nitidez y una claridad notables. Tambi\u00e9n se ha aplicado un recubrimiento s\u00faper integrado a elementos individuales y controla el destello de la lente y el efecto fantasma para obtener un mayor contraste y precisi\u00f3n de color cuando se trabaja en condiciones brillantes y con retroiluminaci\u00f3n. Como complemento de la \u00f3ptica, se encuentra un motor de onda silenciosa, que permite un rendimiento de enfoque autom\u00e1tico r\u00e1pido y casi silencioso junto con la anulaci\u00f3n del enfoque manual a tiempo completo, para beneficiar tanto las im\u00e1genes fijas como la grabaci\u00f3n de video.<\/p>\n<p>El objetivo principal de longitud normal est\u00e1 dise\u00f1ado para c\u00e1maras Nikon con montura F de formato DX y proporciona una distancia focal equivalente a 52,5 mm.<br \/>\nLa apertura m\u00e1xima brillante de f \/ 1.8 es adecuada para trabajar en condiciones de poca luz y tambi\u00e9n permite un mayor control sobre la profundidad de campo para trabajar con t\u00e9cnicas de enfoque selectivo.<br \/>\nSe utiliza un elemento asf\u00e9rico para reducir las aberraciones esf\u00e9ricas y la distorsi\u00f3n a fin de obtener im\u00e1genes n\u00edtidas con una representaci\u00f3n precisa.<br \/>\nSe ha aplicado un revestimiento s\u00faper integrado a elementos individuales para suprimir los reflejos internos, los destellos y las im\u00e1genes fantasma para mejorar el contraste y la precisi\u00f3n del color cuando se trabaja en condiciones de iluminaci\u00f3n intensa.<br \/>\nEl motor Silent Wave ofrece un rendimiento de enfoque autom\u00e1tico r\u00e1pido, silencioso y preciso junto con la anulaci\u00f3n del enfoque manual a tiempo completo. Tambi\u00e9n se utiliza un dise\u00f1o de enfoque posterior, en el que solo se mueve el grupo de lentes posteriores durante el enfoque, para mantener la longitud total del objetivo durante el uso y para promover velocidades de enfoque m\u00e1s r\u00e1pidas.<br \/>\nEl diafragma redondeado de siete hojas promueve una agradable calidad de desenfoque que beneficia el uso de poca profundidad de campo y t\u00e9cnicas de enfoque selectivo.<\/p>\n","protected":false},"excerpt":{"rendered":"<p>*R\u00e9gimen Tur\u00edstico<br \/>\n*No incluye IVA<\/p>\n","protected":false},"featured_media":4165,"comment_status":"open","ping_status":"closed","template":"","meta":[],"_links":{"self":[{"href":"http:\/\/www.alfatecpy.com\/home\/wp-json\/wp\/v2\/product\/556"}],"collection":[{"href":"http:\/\/www.alfatecpy.com\/home\/wp-json\/wp\/v2\/product"}],"about":[{"href":"http:\/\/www.alfatecpy.com\/home\/wp-json\/wp\/v2\/types\/product"}],"replies":[{"embeddable":true,"href":"http:\/\/www.alfatecpy.com\/home\/wp-json\/wp\/v2\/comments?post=556"}],"wp:featuredmedia":[{"embeddable":true,"href":"http:\/\/www.alfatecpy.com\/home\/wp-json\/wp\/v2\/media\/4165"}],"wp:attachment":[{"href":"http:\/\/www.alfatecpy.com\/home\/wp-json\/wp\/v2\/media?parent=556"}],"curies":[{"name":"wp","href":"https:\/\/api.w.org\/{rel}","templated":true}]}}