{"id":5442,"date":"2022-04-19T20:50:39","date_gmt":"2022-04-19T18:50:39","guid":{"rendered":"http:\/\/www.alfatecpy.com\/home\/?post_type=product&#038;p=5442"},"modified":"2022-06-21T15:18:29","modified_gmt":"2022-06-21T13:18:29","slug":"globo-difusor-nice-foto-65cm","status":"publish","type":"product","link":"http:\/\/www.alfatecpy.com\/home\/producto\/globo-difusor-nice-foto-65cm\/","title":{"rendered":"GLOBO DIFUSOR NICE FOTO 65CM"},"content":{"rendered":"<p>O\u00a0<strong>Globo Difusor Nicefoto 65cm Softbox Bowens para Flash e Ilumina\u00e7\u00e3o<\/strong>\u00a0\u00e9 uma esfera que atua como um modificador de ilumina\u00e7\u00e3o, projetado para fot\u00f3grafos e cineastas, este\u00a0<strong>Softbox<\/strong>\u00a0promove luz omnidirecional 360\u00b0 que pode iluminar uma sala pequena ou m\u00e9dia, ideal para retratos, imagens de produtos, Newborn e muito mais.<\/p>\n<p>Este\u00a0<strong><a href=\"https:\/\/www.emania.com.br\/estudio-fotografico\/softbox-para-estudios-fotografico\">Softbox Difusor<\/a><\/strong>\u00a0da\u00a0<strong>NiceFoto<\/strong>\u00a0\u00e9 baseado em tradicionais lanternas chinesas; o seu tecido branco transl\u00facido garante uma ilumina\u00e7\u00e3o leve, uniforme e com menos sombras.<\/p>\n<p>A\u00a0<strong>Montagem Bowens<\/strong>\u00a0expande a capacidade para uma ampla gama de\u00a0<strong><a href=\"https:\/\/www.emania.com.br\/flash-fotograficos\/flashes-para-estudios\">Flashes<\/a><\/strong>\u00a0e<strong>\u00a0<a href=\"https:\/\/www.emania.com.br\/iluminacao-para-foto-e-video\/iluminadores-e-refletores\">Iluminadores de Est\u00fadio<\/a><\/strong>\u00a0de diferentes marcas como\u00a0<strong><a href=\"https:\/\/www.emania.com.br\/nicefoto\">Nicefoto<\/a><\/strong>,\u00a0<a href=\"https:\/\/www.emania.com.br\/godox\"><strong>Godox<\/strong><\/a>\u00a0e outros iluminadores com montagem Tipo S (Bowens).<\/p>\n<p><strong>Principais Caracter\u00edsticas:<\/strong><br \/>\n\u2022 Softbox de<strong>\u00a065cm<\/strong>\u00a0em formato de Globo<br \/>\n\u2022 Cobertura de 360\u00b0 e temperatura de cor padr\u00e3o<br \/>\n\u2022 Tecido refletivo para efeito de luz suave e uniforme<br \/>\n\u2022 Design dobr\u00e1vel, f\u00e1cil para transportar e manusear<br \/>\n\u2022\u00a0<strong>Montagem Bowens<\/strong>\u00a0compat\u00edvel com diversos\u00a0<strong>Flashes de Est\u00fadio<\/strong><\/p>\n","protected":false},"excerpt":{"rendered":"<p>*Regimen turistico<br \/>\n*No incluye IVA<\/p>\n","protected":false},"featured_media":5443,"comment_status":"open","ping_status":"closed","template":"","meta":[],"_links":{"self":[{"href":"http:\/\/www.alfatecpy.com\/home\/wp-json\/wp\/v2\/product\/5442"}],"collection":[{"href":"http:\/\/www.alfatecpy.com\/home\/wp-json\/wp\/v2\/product"}],"about":[{"href":"http:\/\/www.alfatecpy.com\/home\/wp-json\/wp\/v2\/types\/product"}],"replies":[{"embeddable":true,"href":"http:\/\/www.alfatecpy.com\/home\/wp-json\/wp\/v2\/comments?post=5442"}],"wp:featuredmedia":[{"embeddable":true,"href":"http:\/\/www.alfatecpy.com\/home\/wp-json\/wp\/v2\/media\/5443"}],"wp:attachment":[{"href":"http:\/\/www.alfatecpy.com\/home\/wp-json\/wp\/v2\/media?parent=5442"}],"curies":[{"name":"wp","href":"https:\/\/api.w.org\/{rel}","templated":true}]}}