{"id":530,"date":"2019-05-09T02:29:56","date_gmt":"2019-05-09T00:29:56","guid":{"rendered":"http:\/\/www.alfatecpy.com\/home\/producto\/led-yongnuo-yn-300-iii-k\/"},"modified":"2022-07-14T21:13:12","modified_gmt":"2022-07-14T19:13:12","slug":"led-yongnuo-yn-300-iii-k","status":"publish","type":"product","link":"http:\/\/www.alfatecpy.com\/home\/producto\/led-yongnuo-yn-300-iii-k\/","title":{"rendered":"Yongnuo YN300 III LED"},"content":{"rendered":"<article class=\"content_L6kDdYKxLS\">\n<div>\n<div class=\"productDescription_riPByZJPqM\" data-selenium=\"overviewLongDescription\">\n<div class=\"js-injected-html text_riPByZJPqM\">\n<p>a luz LED en c\u00e1mara\u00a0<b>de color variable 300-III<\/b>\u00a0es una de una serie de luces LED en c\u00e1mara de\u00a0<b>Yongnuo Digital<\/b>\u00a0.\u00a0Esta unidad compacta de 3200\u20135500K tungsteno\/ajustable a la luz del d\u00eda ofrece dos modos de atenuaci\u00f3n (aproximado y fino), un control remoto IR, cuatro viseras, una perilla de encendido\/ajuste de luminancia y dos paneles de filtro (uno naranja, uno blanco) .\u00a0La luz LED en c\u00e1mara de color variable 300III tambi\u00e9n cuenta con control remoto de tel\u00e9fono inteligente basado en Bluetooth (a trav\u00e9s de la aplicaci\u00f3n descargable).\u00a0Se pueden agrupar hasta ocho luces a trav\u00e9s del control remoto IR o la aplicaci\u00f3n m\u00f3vil.<\/p>\n<p>Dise\u00f1ada para funcionar con la mayor\u00eda de las DSLR y videoc\u00e1maras peque\u00f1as, la luz LED de color variable 300-III en la c\u00e1mara se puede alimentar con una bater\u00eda de la serie NP-F de Sony (no incluida) o un adaptador de CA opcional (no incluido).\u00a0Una pantalla LED num\u00e9rica con bot\u00f3n pulsador muestra la energ\u00eda restante de la bater\u00eda.\u00a0Una bater\u00eda NP-F750 de 5200 mAh (no incluida) alimentar\u00e1 la luz hasta por 120 minutos.\u00a0La luz LED en c\u00e1mara de color variable 300-III tiene tres opciones de montaje en su c\u00e1mara a trav\u00e9s de una zapata, en una superficie plana usando la mini placa o de mano usando el mango incluido.<\/p>\n<\/div>\n<\/div>\n<\/div>\n<div class=\"feature_riPByZJPqM\">\n<div class=\"feature_riPByZJPqM\">\n<div>\n<div class=\"feature_riPByZJPqM\">\n<div class=\"descriptionAsTitle_riPByZJPqM\">\n<div class=\"js-injected-html text_riPByZJPqM\">150 LED de luz diurna y 150 de tungsteno balanceado, temperatura de color variable de 3200\u20135500 K<\/div>\n<\/div>\n<\/div>\n<\/div>\n<div>\n<div class=\"feature_riPByZJPqM\">\n<div class=\"descriptionAsTitle_riPByZJPqM\">\n<div class=\"js-injected-html text_riPByZJPqM\">Se incluyen viseras, dos paneles de filtro (uno naranja, uno blanco), filtros CT, control remoto y manija<\/div>\n<\/div>\n<\/div>\n<\/div>\n<div>\n<div class=\"feature_riPByZJPqM\">\n<div class=\"descriptionAsTitle_riPByZJPqM\">\n<div class=\"js-injected-html text_riPByZJPqM\">Requiere una bater\u00eda tipo L-series (no incluida) o una fuente de alimentaci\u00f3n opcional de 8 V, 5 A CC (no incluida)<\/div>\n<\/div>\n<\/div>\n<\/div>\n<div>\n<div class=\"feature_riPByZJPqM\">\n<div class=\"descriptionAsTitle_riPByZJPqM\">\n<div class=\"js-injected-html text_riPByZJPqM\">El control remoto IR de 8 canales y el tel\u00e9fono inteligente RC funcionan hasta 49 &#8216;de distancia<\/div>\n<\/div>\n<\/div>\n<\/div>\n<div>\n<div class=\"feature_riPByZJPqM\">\n<div class=\"descriptionAsTitle_riPByZJPqM\">\n<div class=\"js-injected-html text_riPByZJPqM\">Hasta 120 minutos de autonom\u00eda cuando se utiliza una bater\u00eda NP-F750 de 5200 mAh (no incluida)<\/div>\n<\/div>\n<\/div>\n<\/div>\n<div>\n<div class=\"feature_riPByZJPqM\">\n<div class=\"descriptionAsTitle_riPByZJPqM\">\n<div class=\"js-injected-html text_riPByZJPqM\">Pantalla LED de carga de bater\u00eda restante con bot\u00f3n pulsador<\/div>\n<\/div>\n<\/div>\n<\/div>\n<div>\n<div class=\"feature_riPByZJPqM\">\n<div class=\"descriptionAsTitle_riPByZJPqM\">\n<div class=\"js-injected-html text_riPByZJPqM\">El atenuador se ajusta en incrementos del 10 % en el modo grueso y en incrementos del 1 % en el modo fino<\/div>\n<\/div>\n<\/div>\n<\/div>\n<div>\n<div class=\"feature_riPByZJPqM\">\n<div class=\"descriptionAsTitle_riPByZJPqM\">\n<div class=\"js-injected-html text_riPByZJPqM\">M\u00f3ntelo directamente en una c\u00e1mara a trav\u00e9s de la zapata para accesorios o use el soporte de miniplaca en superficies planas<\/div>\n<\/div>\n<\/div>\n<\/div>\n<div>\n<div class=\"feature_riPByZJPqM\">\n<div class=\"descriptionAsTitle_riPByZJPqM\">\n<div class=\"js-injected-html text_riPByZJPqM\"><span class=\"goog-text-highlight\">Perilla de ajuste de potencia\/luminancia<\/span><\/div>\n<\/div>\n<\/div>\n<\/div>\n<\/div>\n<\/div>\n<\/article>\n<aside class=\"rightNavbar_L6kDdYKxLS\">\n<div>\n<div class=\"included__cXkStmX9s\">\n<h4 class=\"heading__cXkStmX9s\" data-selenium=\"includesInTheBoxTitle\">En el cuadro<\/h4>\n<ul class=\"list__cXkStmX9s\" data-selenium=\"includesInTheBoxList\">\n<li class=\"item_u6ujeLWy3W\" data-selenium=\"includesInTheBoxItem\">Yongnuo 300-III Luz LED de color variable en la c\u00e1mara<\/li>\n<li class=\"item_u6ujeLWy3W\" data-selenium=\"includesInTheBoxItem\">Mando a distancia por infrarrojos<\/li>\n<li class=\"item_u6ujeLWy3W\" data-selenium=\"includesInTheBoxItem\">zapata caliente<\/li>\n<li class=\"item_u6ujeLWy3W\" data-selenium=\"includesInTheBoxItem\">Miniplato plano<\/li>\n<li class=\"item_u6ujeLWy3W\" data-selenium=\"includesInTheBoxItem\">Resolver<\/li>\n<li class=\"item_u6ujeLWy3W\" data-selenium=\"includesInTheBoxItem\">2 paneles de filtro.<\/li>\n<li class=\"item_u6ujeLWy3W\" data-selenium=\"includesInTheBoxItem\">Garant\u00eda limitada de 1 a\u00f1o de B&amp;H<\/li>\n<\/ul>\n<\/div>\n<\/div>\n<div>\n<h4 class=\"heading_l1og7_1gbL\">No en la caja<\/h4>\n<ul class=\"list_l1og7_1gbL\" data-selenium=\"notInTheBoxList\">\n<li class=\"listItem_l1og7_1gbL\"><a class=\"link_l1og7_1gbL\" title=\"Batteries and AC\/DC power are not included, and are required to power this light.\" href=\"https:\/\/www.bhphotovideo.com\/c\/product\/1299342-REG\/yongnuo_yn_300iii_yn300_iii_led_camera.html\/accessories\/46931\">Bater\u00edas y cargadores\u00a0<\/a><span class=\"isEssential_l1og7_1gbL\">esenciales\u00a0<\/span><a class=\"link_l1og7_1gbL\" title=\"Batteries and AC\/DC power are not included, and are required to power this light.\" href=\"https:\/\/www.bhphotovideo.com\/c\/product\/1299342-REG\/yongnuo_yn_300iii_yn300_iii_led_camera.html\/accessories\/46931\"><span class=\"notIncluded_l1og7_1gbL\">(no incluidos)<\/span><\/a><\/li>\n<\/ul>\n<\/div>\n<div class=\"banner_hUuKdDuOnS\" data-selenium=\"literatureBanner\">\n<div>\n<div class=\"bannerContainer_XHkWxQONzk\">\n<div class=\"square_XHkWxQONzk\"><\/div>\n<div class=\"desc_XHkWxQONzk\"><\/div>\n<\/div>\n<\/div>\n<\/div>\n<\/aside>\n","protected":false},"excerpt":{"rendered":"<p>*Regimen turistico<br \/>\n*No incluye IVA<\/p>\n","protected":false},"featured_media":8166,"comment_status":"open","ping_status":"closed","template":"","meta":[],"_links":{"self":[{"href":"http:\/\/www.alfatecpy.com\/home\/wp-json\/wp\/v2\/product\/530"}],"collection":[{"href":"http:\/\/www.alfatecpy.com\/home\/wp-json\/wp\/v2\/product"}],"about":[{"href":"http:\/\/www.alfatecpy.com\/home\/wp-json\/wp\/v2\/types\/product"}],"replies":[{"embeddable":true,"href":"http:\/\/www.alfatecpy.com\/home\/wp-json\/wp\/v2\/comments?post=530"}],"wp:featuredmedia":[{"embeddable":true,"href":"http:\/\/www.alfatecpy.com\/home\/wp-json\/wp\/v2\/media\/8166"}],"wp:attachment":[{"href":"http:\/\/www.alfatecpy.com\/home\/wp-json\/wp\/v2\/media?parent=530"}],"curies":[{"name":"wp","href":"https:\/\/api.w.org\/{rel}","templated":true}]}}