{"id":528,"date":"2019-05-09T02:29:56","date_gmt":"2019-05-09T00:29:56","guid":{"rendered":"http:\/\/www.alfatecpy.com\/home\/producto\/led-pro-video-ligth-yongnuo-yn360-ii\/"},"modified":"2022-07-18T13:48:51","modified_gmt":"2022-07-18T11:48:51","slug":"led-pro-video-ligth-yongnuo-yn360-ii","status":"publish","type":"product","link":"http:\/\/www.alfatecpy.com\/home\/producto\/led-pro-video-ligth-yongnuo-yn360-ii\/","title":{"rendered":"Bast\u00f3n Led RGB Yongnuo YN360 II"},"content":{"rendered":"<p>Con un dise\u00f1o \u00fanico de 18.1 \u00abde largo, la vara de luz <em><strong>LED YN360 II de Yongnuo<\/strong><\/em> lo ayudar\u00e1 a crear una apariencia distintiva, as\u00ed como a operar en espacios reducidos con relativa facilidad.<\/p>\n<p>Este modelo ofrece una capacidad \u00fanica para cambiar entre 320 LED de temperatura de color variable o Los LED SMD de 40 RGB, que permiten configurar un modo de luz blanca desde 3200-5500K o un modo RGB a todo color que se puede configurar a trav\u00e9s de una aplicaci\u00f3n m\u00f3vil.<\/p>\n<p>La luz tambi\u00e9n tiene una bater\u00eda de iones de litio integrada con una capacidad alta de 5200 mAh para mantener la luz encendida durante horas.<\/p>\n","protected":false},"excerpt":{"rendered":"<p>*R\u00e9gimen Tur\u00edstico<br \/>\n*No incluye IVA<\/p>\n","protected":false},"featured_media":14315,"comment_status":"open","ping_status":"closed","template":"","meta":[],"_links":{"self":[{"href":"http:\/\/www.alfatecpy.com\/home\/wp-json\/wp\/v2\/product\/528"}],"collection":[{"href":"http:\/\/www.alfatecpy.com\/home\/wp-json\/wp\/v2\/product"}],"about":[{"href":"http:\/\/www.alfatecpy.com\/home\/wp-json\/wp\/v2\/types\/product"}],"replies":[{"embeddable":true,"href":"http:\/\/www.alfatecpy.com\/home\/wp-json\/wp\/v2\/comments?post=528"}],"wp:featuredmedia":[{"embeddable":true,"href":"http:\/\/www.alfatecpy.com\/home\/wp-json\/wp\/v2\/media\/14315"}],"wp:attachment":[{"href":"http:\/\/www.alfatecpy.com\/home\/wp-json\/wp\/v2\/media?parent=528"}],"curies":[{"name":"wp","href":"https:\/\/api.w.org\/{rel}","templated":true}]}}