{"id":5233,"date":"2022-04-07T13:56:04","date_gmt":"2022-04-07T11:56:04","guid":{"rendered":"http:\/\/www.alfatecpy.com\/home\/?post_type=product&#038;p=5233"},"modified":"2022-07-18T14:27:08","modified_gmt":"2022-07-18T12:27:08","slug":"cargador-de-bateria-np-f970","status":"publish","type":"product","link":"http:\/\/www.alfatecpy.com\/home\/producto\/cargador-de-bateria-np-f970\/","title":{"rendered":"CARGADOR DE BATERIA NP-F970"},"content":{"rendered":"<ul class=\"a-unordered-list a-vertical a-spacing-mini\">\n<li><span class=\"a-list-item\">Potente paquete de bater\u00eda: 7,4 V, 8900 mAh, iones de litio pr\u00e9mium, sin efectos de memoria. A trav\u00e9s de la certificaci\u00f3n CE\/FCC\/RoHS, es un reemplazo profesional para Sony NP-F970, NP-F960, NP-F950, NP-F930, NP-F770, NP-F750, NP-F570, NP-F550.<\/span><\/li>\n<li><span class=\"a-list-item\">Amplia compatibilidad: 100% compatible con Sony DCR-VX2100, DSR-PD150, DSR-PD170, FDR-AX1, HDR-AX2000, HDR-FX1, HDR-FX7, HDR-FX1000, HVL-LBPB, HVR-HD1000U, HVR-V1U, HVR-Z1P, HVR-Z1P, HVR-Z1P R-Z1U, HX. R-MC2000U, MVC-FDR1, NEX-EA50UH, NEX-FS100U, NEX-FS700U videoc\u00e1mara Handycam, luz de video LED y monitor de campo que utilizan bater\u00edas F970\/F550.<\/span><\/li>\n<li><span class=\"a-list-item\">Cargador r\u00e1pido de 4 canales: salida de 8,4 V\/1 A, puede cargar 4 bater\u00edas simult\u00e1neamente, ahorrando eficazmente tiempo de carga. Protecci\u00f3n m\u00faltiple integrada (cortocircuito, sobrecarga, sobretensi\u00f3n, sobrecorriente, alta temperatura) puede ayudar a evitar problemas de seguridad de manera eficaz.<\/span><\/li>\n<\/ul>\n","protected":false},"excerpt":{"rendered":"<p>*Regimen turistico<br \/>\n*No incluye IVA<\/p>\n","protected":false},"featured_media":19740,"comment_status":"open","ping_status":"closed","template":"","meta":[],"_links":{"self":[{"href":"http:\/\/www.alfatecpy.com\/home\/wp-json\/wp\/v2\/product\/5233"}],"collection":[{"href":"http:\/\/www.alfatecpy.com\/home\/wp-json\/wp\/v2\/product"}],"about":[{"href":"http:\/\/www.alfatecpy.com\/home\/wp-json\/wp\/v2\/types\/product"}],"replies":[{"embeddable":true,"href":"http:\/\/www.alfatecpy.com\/home\/wp-json\/wp\/v2\/comments?post=5233"}],"wp:featuredmedia":[{"embeddable":true,"href":"http:\/\/www.alfatecpy.com\/home\/wp-json\/wp\/v2\/media\/19740"}],"wp:attachment":[{"href":"http:\/\/www.alfatecpy.com\/home\/wp-json\/wp\/v2\/media?parent=5233"}],"curies":[{"name":"wp","href":"https:\/\/api.w.org\/{rel}","templated":true}]}}