{"id":5171,"date":"2022-03-15T14:40:27","date_gmt":"2022-03-15T13:40:27","guid":{"rendered":"http:\/\/www.alfatecpy.com\/home\/?post_type=product&#038;p=5171"},"modified":"2022-07-15T21:10:54","modified_gmt":"2022-07-15T19:10:54","slug":"microfono-boya-by-wm4-pro-k5","status":"publish","type":"product","link":"http:\/\/www.alfatecpy.com\/home\/producto\/microfono-boya-by-wm4-pro-k5\/","title":{"rendered":"MICROFONO BOYA BY WM4 PRO K5"},"content":{"rendered":"<div class=\"trix-content\">\n<p>El Boya BY-WM4 PRO-K5 es un sistema de micr\u00f3fono de solapa inal\u00e1mbrico compacto y de nivel de entrada que ofrece una soluci\u00f3n f\u00e1cil de usar, rentable y todo incluido para grabar un sujeto en su tel\u00e9fono Android o USB tipo C similar o dispositivo m\u00f3vil. El sistema ofrece una calidad de sonido mejorada sobre los micr\u00f3fonos integrados en las c\u00e1maras y dispositivos m\u00f3viles para brindar un discurso claro e inteligible para periodistas, creadores de YouTube, Instagram, personalidades de TikTok, vloggers y m\u00e1s.<\/p>\n<\/div>\n<div class=\"trix-content\">\n<p><strong>&#8211; Banda de frecuencia RF<\/strong>: 2405 hasta 2478 MHz.<\/p>\n<p><strong>&#8211; Escaneo de canales de RF<\/strong>: auto esc\u00e1ner.<\/p>\n<p><strong>&#8211; Rango de funcionamiento m\u00e1ximo:<\/strong>\u00a0196,9 &#8216;\/ 60 m (l\u00ednea de visi\u00f3n).<\/p>\n<p><strong>&#8211; M\u00e1ximo de sistemas por configuraci\u00f3n<\/strong>: 8.<\/p>\n<p><strong>&#8211; Modulaci\u00f3n:<\/strong>\u00a0GFSK.<\/p>\n<p>&#8211; Sistema digital inal\u00e1mbrico de 2.4GHz.<\/p>\n<p>&#8211; Tama\u00f1o ultra compacto.<\/p>\n<p>&#8211; Conector USB-C.<\/p>\n<p>&#8211; Sonido de grabaci\u00f3n s\u00faper claro.<\/p>\n<p>&#8211; Micr\u00f3fono de solapa omnidireccional incluido.<\/p>\n<p>&#8211; Transmisor port\u00e1til alimentado por dos pilas AAA.<\/p>\n<p>&#8211; Monitoreo de sonido por la salida de auriculares de 3.5 mm.<\/p>\n<p>&#8211; Control de volumen maestro.<\/p>\n<p>&#8211; Hasta 60m (197ft) de alcance de operaci\u00f3n.<\/p>\n<\/div>\n","protected":false},"excerpt":{"rendered":"<p>*Regimen turistico<br \/>\n*No incluye IVA<\/p>\n","protected":false},"featured_media":5172,"comment_status":"open","ping_status":"closed","template":"","meta":[],"_links":{"self":[{"href":"http:\/\/www.alfatecpy.com\/home\/wp-json\/wp\/v2\/product\/5171"}],"collection":[{"href":"http:\/\/www.alfatecpy.com\/home\/wp-json\/wp\/v2\/product"}],"about":[{"href":"http:\/\/www.alfatecpy.com\/home\/wp-json\/wp\/v2\/types\/product"}],"replies":[{"embeddable":true,"href":"http:\/\/www.alfatecpy.com\/home\/wp-json\/wp\/v2\/comments?post=5171"}],"wp:featuredmedia":[{"embeddable":true,"href":"http:\/\/www.alfatecpy.com\/home\/wp-json\/wp\/v2\/media\/5172"}],"wp:attachment":[{"href":"http:\/\/www.alfatecpy.com\/home\/wp-json\/wp\/v2\/media?parent=5171"}],"curies":[{"name":"wp","href":"https:\/\/api.w.org\/{rel}","templated":true}]}}