{"id":5127,"date":"2022-03-12T12:48:53","date_gmt":"2022-03-12T11:48:53","guid":{"rendered":"http:\/\/www.alfatecpy.com\/home\/?post_type=product&#038;p=5127"},"modified":"2022-07-18T21:55:16","modified_gmt":"2022-07-18T19:55:16","slug":"transmisor-de-video-hollyland-mars-400s-pro","status":"publish","type":"product","link":"http:\/\/www.alfatecpy.com\/home\/producto\/transmisor-de-video-hollyland-mars-400s-pro\/","title":{"rendered":"TRANSMISOR DE VIDEO HOLLYLAND MARS-400S PRO"},"content":{"rendered":"<p>Agregue hasta 1080p60 de transmisi\u00f3n de video inal\u00e1mbrica a su c\u00e1mara con gimbal, mirrorless o DSLR usando el transmisor de video inal\u00e1mbrico Hollyland Mars 400S Pro. El transmisor proporciona entradas HDMI y SDI; y el receptor ofrece salidas SDI y HDMI. Cuenta con una latencia extremadamente baja de 0.1s con transmisi\u00f3n de l\u00ednea de visi\u00f3n de hasta 120 metros al receptor y hasta 90 metros a la aplicaci\u00f3n Hollyview. Para una se\u00f1al de l\u00ednea de visi\u00f3n fuerte, el sistema incluye dos antenas externas en el transmisor y dos en el receptor.<\/p>\n<p>Con la aplicaci\u00f3n Hollyview para iOS o Android, puede monitorear su transmisi\u00f3n de video en tiempo real a trav\u00e9s de una conexi\u00f3n Wi-Fi, as\u00ed como la transmisi\u00f3n en vivo directamente desde el receptor a trav\u00e9s de su computadora usando un adaptador USB Tipo-C. La aplicaci\u00f3n tambi\u00e9n le permite instalar un firmware de escaneo de canales opcional que le permite encontrar f\u00e1cilmente las se\u00f1ales de transmisi\u00f3n m\u00e1s fuertes. El transmisor puede transmitir simult\u00e1neamente hasta un receptor y dos aplicaciones, o hasta un total de cuatro aplicaciones sin el receptor. El cuerpo redise\u00f1ado lo convierte en una opci\u00f3n de bajo perfil para su equipo, y cuenta con m\u00faltiples modos de ventilador para mantenerlo fresco o silencioso cuando est\u00e1 disparando.<\/p>\n<p>El transmisor y receptor 400S PRO son de tama\u00f1o compacto, cuentan con una pantalla OLED brillante para la configuraci\u00f3n y una rosca de montaje de 1\/4&#8243; &#8211; 20 para diferentes opciones de montaje. Cada unidad se puede alimentar con un USB Tipo-C o mediante el uso de una bater\u00eda tipo serie L (Se vende por separado).<\/p>\n","protected":false},"excerpt":{"rendered":"<p>*Regimen turistico<br \/>\n*No incluye IVA<\/p>\n","protected":false},"featured_media":5128,"comment_status":"open","ping_status":"closed","template":"","meta":[],"_links":{"self":[{"href":"http:\/\/www.alfatecpy.com\/home\/wp-json\/wp\/v2\/product\/5127"}],"collection":[{"href":"http:\/\/www.alfatecpy.com\/home\/wp-json\/wp\/v2\/product"}],"about":[{"href":"http:\/\/www.alfatecpy.com\/home\/wp-json\/wp\/v2\/types\/product"}],"replies":[{"embeddable":true,"href":"http:\/\/www.alfatecpy.com\/home\/wp-json\/wp\/v2\/comments?post=5127"}],"wp:featuredmedia":[{"embeddable":true,"href":"http:\/\/www.alfatecpy.com\/home\/wp-json\/wp\/v2\/media\/5128"}],"wp:attachment":[{"href":"http:\/\/www.alfatecpy.com\/home\/wp-json\/wp\/v2\/media?parent=5127"}],"curies":[{"name":"wp","href":"https:\/\/api.w.org\/{rel}","templated":true}]}}