{"id":5090,"date":"2022-03-11T13:05:33","date_gmt":"2022-03-11T12:05:33","guid":{"rendered":"http:\/\/www.alfatecpy.com\/home\/?post_type=product&#038;p=5090"},"modified":"2022-06-21T14:42:19","modified_gmt":"2022-06-21T12:42:19","slug":"baterias-recargables-panasonic-eneloop-aaa-800-mah-pack-de-8","status":"publish","type":"product","link":"http:\/\/www.alfatecpy.com\/home\/producto\/baterias-recargables-panasonic-eneloop-aaa-800-mah-pack-de-8\/","title":{"rendered":"BATER\u00cdAS RECARGABLES PANASONIC ENELOOP AAA 800 MAH PACK DE 8"},"content":{"rendered":"<p>Las bater\u00edas eneloop NiMH de \u00abbaja autodescarga\u00bb utilizan la tecnolog\u00eda avanzada de bater\u00edas recargables de Panasonic, lo que les permite recargarse hasta 2100 veces. Las bater\u00edas eneloop brindan un rendimiento de energ\u00eda constante, mantienen el 70 % de su carga hasta por 10 a\u00f1os, vienen precargadas con energ\u00eda solar (en la f\u00e1brica) y est\u00e1n listas para usar fuera del paquete. Tambi\u00e9n tienen un rendimiento de temperatura extrema de hasta -4 grados F.<\/p>\n","protected":false},"excerpt":{"rendered":"<p>Las bater\u00edas eneloop NiMH de \u00abbaja autodescarga\u00bb utilizan la tecnolog\u00eda avanzada de bater\u00edas recargables de Panasonic, lo que les permite recargarse hasta 2100 veces. Las bater\u00edas eneloop brindan un rendimiento de energ\u00eda constante, mantienen el 70 % de su carga hasta por 10 a\u00f1os, vienen precargadas con energ\u00eda solar (en la f\u00e1brica) y est\u00e1n listas [&hellip;]<\/p>\n","protected":false},"featured_media":5103,"comment_status":"open","ping_status":"closed","template":"","meta":[],"_links":{"self":[{"href":"http:\/\/www.alfatecpy.com\/home\/wp-json\/wp\/v2\/product\/5090"}],"collection":[{"href":"http:\/\/www.alfatecpy.com\/home\/wp-json\/wp\/v2\/product"}],"about":[{"href":"http:\/\/www.alfatecpy.com\/home\/wp-json\/wp\/v2\/types\/product"}],"replies":[{"embeddable":true,"href":"http:\/\/www.alfatecpy.com\/home\/wp-json\/wp\/v2\/comments?post=5090"}],"wp:featuredmedia":[{"embeddable":true,"href":"http:\/\/www.alfatecpy.com\/home\/wp-json\/wp\/v2\/media\/5103"}],"wp:attachment":[{"href":"http:\/\/www.alfatecpy.com\/home\/wp-json\/wp\/v2\/media?parent=5090"}],"curies":[{"name":"wp","href":"https:\/\/api.w.org\/{rel}","templated":true}]}}