{"id":5029,"date":"2021-08-18T19:08:38","date_gmt":"2021-08-18T17:08:38","guid":{"rendered":"http:\/\/www.alfatecpy.com\/home\/?post_type=product&#038;p=5029"},"modified":"2022-07-18T13:29:40","modified_gmt":"2022-07-18T11:29:40","slug":"monitor-feelworld-f5-pro-5-5-4k-hdmi","status":"publish","type":"product","link":"http:\/\/www.alfatecpy.com\/home\/producto\/monitor-feelworld-f5-pro-5-5-4k-hdmi\/","title":{"rendered":"Monitor FeelWorld F5 Pro 5.5&#8243;  4K HDMI"},"content":{"rendered":"<p>Agregue un monitor de alta resoluci\u00f3n a su c\u00e1mara 4K con el monitor de pantalla t\u00e1ctil F5 Pro 5.5 \u00abV2 4K HDMI IPS de FeelWorld. Cuenta con una pantalla t\u00e1ctil de 5.5\u00bb con resoluci\u00f3n de 1920 x 1080, relaci\u00f3n de contraste de 1000: 1 y brillo de 500 cd \/ m\u00b2 . Este modelo V2 se ha actualizado para incluir compatibilidad con 3D LUT con cuatro perfiles LUT incorporados, y el operador puede cargar hasta 32 LUT 3D personalizados.<\/p>\n<p>El F5 Pro V2 cuenta con una pantalla t\u00e1ctil de pellizcar para hacer zoom, que le permite acercar o alejar con un gesto de pellizco para ver m\u00e1s detalles en sus im\u00e1genes. El monitor tiene una entrada HDMI y una salida de bucle, y admite se\u00f1ales de video DCI 4K, as\u00ed como una salida de auriculares para monitoreo de audio. A trav\u00e9s del men\u00fa interno, la funcionalidad de la pantalla t\u00e1ctil se puede desactivar para evitar deslizamientos accidentales y otros comandos de la pantalla t\u00e1ctil, y luego puede usar los botones en la parte superior del monitor. Para una exposici\u00f3n, enfoque y otras caracter\u00edsticas precisas, el F5 Pro V2 est\u00e1 equipado con funciones de monitoreo como vectorscopio, histograma, modo anam\u00f3rfico y medidores de nivel de audio. Su compatibilidad con 3D LUT le permite utilizar sus cuatro Log LUT incorporados cuando est\u00e1 viendo Rec. 709, o puede cargar hasta 32 LUT de usuario usando la entrada USB para utilizar una variedad de estilos y formatos de c\u00e1mara.<\/p>\n<p>Las m\u00faltiples opciones de energ\u00eda consisten en un puerto de entrada de barril de CC para un adaptador de energ\u00eda opcional, un puerto USB tipo C de 5 VCC para conectar un banco de energ\u00eda USB y una placa de bater\u00eda de la serie L en la parte posterior. Tambi\u00e9n hay un puerto de salida de barril de 8.4 VCC que le permite alimentar dispositivos externos como c\u00e1maras y accesorios mediante un cable disponible por separado. El monitor proporciona m\u00faltiples roscas de montaje de 1\/4 \u00ab-20, por lo que puede conectar el monitor como mejor se adapte a sus necesidades. Hay uno en la parte inferior, superior, derecha y media trasera. Una inclinaci\u00f3n de 1\/4&#8243; -20 para montaje en zapata Se incluye un brazo para sujetar el monitor directamente a la c\u00e1mara y ajustar el \u00e1ngulo de inclinaci\u00f3n seg\u00fan sea necesario. El brazo de inclinaci\u00f3n tambi\u00e9n ofrece un soporte de zapata adicional en el lateral para montar un micr\u00f3fono u otro accesorio.<\/p>\n<p>El F5 Pro V2 tambi\u00e9n viene con un soporte de instalaci\u00f3n asegurado en la parte posterior que le permite conectar transmisores, convertidores y otros dispositivos. Tambi\u00e9n se incluye un parasol para una mejor visualizaci\u00f3n en condiciones exteriores brillantes.<\/p>\n<p>Caracter\u00edsticas clave<br \/>\nPantalla t\u00e1ctil de 5,5 \u00bb<br \/>\nResoluci\u00f3n de pantalla de 1920 x 1080<br \/>\nEl modelo V2 admite cuatro LUT 3D incorporadas para video Rec.709 y LUT 3D personalizados cargados por el usuario a trav\u00e9s del puerto USB<br \/>\nEntrada de video hasta DCI 4K<br \/>\nBrillo de 500 cd \/ m\u00b2<br \/>\nEntrada HDMI y salida de bucle<br \/>\nSalida de auriculares<br \/>\nEntradas de alimentaci\u00f3n de CC y USB tipo C<br \/>\nPlaca de bater\u00eda de la serie L<br \/>\nSalida DC<\/p>\n","protected":false},"excerpt":{"rendered":"<p>*Regimen turistico<br \/>\n*No incluye IVA<\/p>\n","protected":false},"featured_media":5030,"comment_status":"open","ping_status":"closed","template":"","meta":[],"_links":{"self":[{"href":"http:\/\/www.alfatecpy.com\/home\/wp-json\/wp\/v2\/product\/5029"}],"collection":[{"href":"http:\/\/www.alfatecpy.com\/home\/wp-json\/wp\/v2\/product"}],"about":[{"href":"http:\/\/www.alfatecpy.com\/home\/wp-json\/wp\/v2\/types\/product"}],"replies":[{"embeddable":true,"href":"http:\/\/www.alfatecpy.com\/home\/wp-json\/wp\/v2\/comments?post=5029"}],"wp:featuredmedia":[{"embeddable":true,"href":"http:\/\/www.alfatecpy.com\/home\/wp-json\/wp\/v2\/media\/5030"}],"wp:attachment":[{"href":"http:\/\/www.alfatecpy.com\/home\/wp-json\/wp\/v2\/media?parent=5029"}],"curies":[{"name":"wp","href":"https:\/\/api.w.org\/{rel}","templated":true}]}}