{"id":4894,"date":"2021-04-12T15:40:58","date_gmt":"2021-04-12T13:40:58","guid":{"rendered":"http:\/\/www.alfatecpy.com\/home\/?post_type=product&#038;p=4894"},"modified":"2022-06-28T14:25:32","modified_gmt":"2022-06-28T12:25:32","slug":"tripode-benro-t800ex","status":"publish","type":"product","link":"http:\/\/www.alfatecpy.com\/home\/producto\/tripode-benro-t800ex\/","title":{"rendered":"TRIPODE BENRO T800EX"},"content":{"rendered":"<p>Este kit de tr\u00edpode de nivel de entrada liviano, el Benro Digital T800EX, es para aquellos que comienzan a explorar la fotograf\u00eda y el video. Extremadamente intuitivo y f\u00e1cil de usar, el T800EX viene con un cabezal de 3 v\u00edas ideal para fotograf\u00eda de paisajes y retratos. Tambi\u00e9n se puede usar para video, lo que permite movimientos simples de giro e inclinaci\u00f3n. El esparcidor de nivel medio proporciona estabilidad adicional al tomar fotograf\u00edas o videos. Carga m\u00e1xima: 4,4 lb (2 kg) Altura m\u00ednima: 53 cm (20,87 pulgadas) Altura m\u00e1xima: 56,5 pulgadas (143,5 cm) Tipo de bloqueo de pierna: Flip Lock Peso: 2,95 libras (1,34 kg)<\/p>\n","protected":false},"excerpt":{"rendered":"<p>*Regimen TURISTICO<\/p>\n<p>*No incluye iva<\/p>\n","protected":false},"featured_media":4895,"comment_status":"open","ping_status":"closed","template":"","meta":[],"_links":{"self":[{"href":"http:\/\/www.alfatecpy.com\/home\/wp-json\/wp\/v2\/product\/4894"}],"collection":[{"href":"http:\/\/www.alfatecpy.com\/home\/wp-json\/wp\/v2\/product"}],"about":[{"href":"http:\/\/www.alfatecpy.com\/home\/wp-json\/wp\/v2\/types\/product"}],"replies":[{"embeddable":true,"href":"http:\/\/www.alfatecpy.com\/home\/wp-json\/wp\/v2\/comments?post=4894"}],"wp:featuredmedia":[{"embeddable":true,"href":"http:\/\/www.alfatecpy.com\/home\/wp-json\/wp\/v2\/media\/4895"}],"wp:attachment":[{"href":"http:\/\/www.alfatecpy.com\/home\/wp-json\/wp\/v2\/media?parent=4894"}],"curies":[{"name":"wp","href":"https:\/\/api.w.org\/{rel}","templated":true}]}}