{"id":4885,"date":"2021-04-08T18:25:53","date_gmt":"2021-04-08T16:25:53","guid":{"rendered":"http:\/\/www.alfatecpy.com\/home\/?post_type=product&#038;p=4885"},"modified":"2021-04-08T18:25:55","modified_gmt":"2021-04-08T16:25:55","slug":"fondo-fotografico-newborn-ffa-359","status":"publish","type":"product","link":"http:\/\/www.alfatecpy.com\/home\/producto\/fondo-fotografico-newborn-ffa-359\/","title":{"rendered":"FONDO FOTOGRAFICO NEWBORN FFA-359"},"content":{"rendered":"<p>Nuestros fondos est\u00e1n hechos de tejido 92% poli\u00e9ster y 8% elastano adecuado para fotograf\u00eda con un peso de 240gm\u00b2. Tejido muy resistente y mate, que no compromete la luz del flash, fondo con alta calidad de impresi\u00f3n con colores muy vivos.<\/p>\n<p>El fondo viene con un acabado en orveloque para evitar que se deshilache, se env\u00eda doblado, solo est\u00edralo para fotografiar porque la tela no se arruga, y se puede lavar sin decolorar.<br \/>\nNota: &#8211; Los colores de los fondos est\u00e1n sujetos a variaciones en las fotograf\u00edas debido a la calidad de las c\u00e1maras y la iluminaci\u00f3n ambiental. Adem\u00e1s, la configuraci\u00f3n del monitor donde se accede a este sitio web tambi\u00e9n puede dar la impresi\u00f3n de que los colores son m\u00e1s o menos vivos, m\u00e1s o menos intensos.<\/p>\n","protected":false},"excerpt":{"rendered":"<p>*No incluye IVA<\/p>\n<p>*Regimen turistico<\/p>\n","protected":false},"featured_media":4886,"comment_status":"open","ping_status":"closed","template":"","meta":[],"_links":{"self":[{"href":"http:\/\/www.alfatecpy.com\/home\/wp-json\/wp\/v2\/product\/4885"}],"collection":[{"href":"http:\/\/www.alfatecpy.com\/home\/wp-json\/wp\/v2\/product"}],"about":[{"href":"http:\/\/www.alfatecpy.com\/home\/wp-json\/wp\/v2\/types\/product"}],"replies":[{"embeddable":true,"href":"http:\/\/www.alfatecpy.com\/home\/wp-json\/wp\/v2\/comments?post=4885"}],"wp:featuredmedia":[{"embeddable":true,"href":"http:\/\/www.alfatecpy.com\/home\/wp-json\/wp\/v2\/media\/4886"}],"wp:attachment":[{"href":"http:\/\/www.alfatecpy.com\/home\/wp-json\/wp\/v2\/media?parent=4885"}],"curies":[{"name":"wp","href":"https:\/\/api.w.org\/{rel}","templated":true}]}}