{"id":4700,"date":"2021-01-12T12:24:36","date_gmt":"2021-01-12T11:24:36","guid":{"rendered":"http:\/\/www.alfatecpy.com\/home\/?post_type=product&#038;p=4700"},"modified":"2021-01-12T12:48:33","modified_gmt":"2021-01-12T11:48:33","slug":"kit-de-microfone-boya-by-vg350","status":"publish","type":"product","link":"http:\/\/www.alfatecpy.com\/home\/producto\/kit-de-microfone-boya-by-vg350\/","title":{"rendered":"Kit de Microfone Boya BY-VG350"},"content":{"rendered":"<p>El Boya BY-VG350 es un kit de video todo en uno para tel\u00e9fono inteligente que consta de micr\u00f3fono de escopeta BY-MM1 +, luz LED, abrazadera para tel\u00e9fono inteligente, r\u00f3tula, tubo de extensi\u00f3n, mini tr\u00edpode y abrazadera con soporte de zapata . Tiene un dise\u00f1o ligero y compacto ideal para grabar en interiores y exteriores y es muy adecuado para vlogs, podcasting, grabaci\u00f3n en casa y m\u00e1s. Se adapta a la mayor\u00eda de los tel\u00e9fonos inteligentes. El micr\u00f3fono Boya BY-MM1 tiene una conexi\u00f3n jack de 3.5 mm para que puedas usarlo adem\u00e1s de tu celular, con cualquier dispositivo que tenga esta entrada.<\/p>\n","protected":false},"excerpt":{"rendered":"<p>*Regimen Turistico<br \/>\n*No incluye IVA<\/p>\n","protected":false},"featured_media":4701,"comment_status":"open","ping_status":"closed","template":"","meta":[],"_links":{"self":[{"href":"http:\/\/www.alfatecpy.com\/home\/wp-json\/wp\/v2\/product\/4700"}],"collection":[{"href":"http:\/\/www.alfatecpy.com\/home\/wp-json\/wp\/v2\/product"}],"about":[{"href":"http:\/\/www.alfatecpy.com\/home\/wp-json\/wp\/v2\/types\/product"}],"replies":[{"embeddable":true,"href":"http:\/\/www.alfatecpy.com\/home\/wp-json\/wp\/v2\/comments?post=4700"}],"wp:featuredmedia":[{"embeddable":true,"href":"http:\/\/www.alfatecpy.com\/home\/wp-json\/wp\/v2\/media\/4701"}],"wp:attachment":[{"href":"http:\/\/www.alfatecpy.com\/home\/wp-json\/wp\/v2\/media?parent=4700"}],"curies":[{"name":"wp","href":"https:\/\/api.w.org\/{rel}","templated":true}]}}