{"id":4689,"date":"2021-01-09T12:47:19","date_gmt":"2021-01-09T11:47:19","guid":{"rendered":"http:\/\/www.alfatecpy.com\/home\/?post_type=product&#038;p=4689"},"modified":"2022-06-21T18:05:28","modified_gmt":"2022-06-21T16:05:28","slug":"microfono-inalambrico-boya-by-wm4-pro","status":"publish","type":"product","link":"http:\/\/www.alfatecpy.com\/home\/producto\/microfono-inalambrico-boya-by-wm4-pro\/","title":{"rendered":"MICROFONO INALAMBRICO BOYA BY-WM4 PRO"},"content":{"rendered":"<p>Kit de <strong>micr\u00f3fono inal\u00e1mbrico de solapa omnidireccional UHF<\/strong> con emisor y receptor. Permite una grabaci\u00f3n de sonido de alto rendimiento, ligero, compacto y muy f\u00e1cil de usar.<\/p>\n<p>Pensado para usarse en reportajes y entrevistas en periodismo electr\u00f3nico (ENG) y producciones de video fuera de estudio (EFP), optimizado para smartphones, tambi\u00e9n funciona con c\u00e1maras DSLR, videoc\u00e1maras y grabadoras.<\/p>\n<p>El <strong>sistema de micr\u00f3fono inal\u00e1mbrico UHF<\/strong> BOYA BY-WM4 funciona mediante el uso de un <strong>transmisor y un receptor<\/strong>, ambos inal\u00e1mbricos con funcionamiento radio de 2.4Ghz con montura para c\u00e1mara, y un discreto micr\u00f3fono de solapa inal\u00e1mbrico con patr\u00f3n omnidireccional.<\/p>\n<p>Tiene un alcance de comunicaci\u00f3n de hasta 15 metros<\/p>\n","protected":false},"excerpt":{"rendered":"<p>*Regimen turistico<br \/>\n*No incluye iva<\/p>\n","protected":false},"featured_media":4709,"comment_status":"open","ping_status":"closed","template":"","meta":[],"_links":{"self":[{"href":"http:\/\/www.alfatecpy.com\/home\/wp-json\/wp\/v2\/product\/4689"}],"collection":[{"href":"http:\/\/www.alfatecpy.com\/home\/wp-json\/wp\/v2\/product"}],"about":[{"href":"http:\/\/www.alfatecpy.com\/home\/wp-json\/wp\/v2\/types\/product"}],"replies":[{"embeddable":true,"href":"http:\/\/www.alfatecpy.com\/home\/wp-json\/wp\/v2\/comments?post=4689"}],"wp:featuredmedia":[{"embeddable":true,"href":"http:\/\/www.alfatecpy.com\/home\/wp-json\/wp\/v2\/media\/4709"}],"wp:attachment":[{"href":"http:\/\/www.alfatecpy.com\/home\/wp-json\/wp\/v2\/media?parent=4689"}],"curies":[{"name":"wp","href":"https:\/\/api.w.org\/{rel}","templated":true}]}}