{"id":4513,"date":"2020-11-23T20:19:33","date_gmt":"2020-11-23T19:19:33","guid":{"rendered":"http:\/\/www.alfatecpy.com\/home\/?post_type=product&#038;p=4513"},"modified":"2021-01-21T20:03:21","modified_gmt":"2021-01-21T19:03:21","slug":"octobox-godox-p120h","status":"publish","type":"product","link":"http:\/\/www.alfatecpy.com\/home\/producto\/octobox-godox-p120h\/","title":{"rendered":"SOFTBOX PARAB\u00d3LICO GODOX P120H BOWENS MOUNT."},"content":{"rendered":"<p>&nbsp;<\/p>\n<ul>\n<li>\n<h5><span class=\"a-list-item\"> La caja parab\u00f3lica Godox P120H adopta un dise\u00f1o de caja parab\u00f3lica profunda, que permite que la luz se env\u00ede directamente y el brillo se disminuya progresivamente de central a perif\u00e9rica, ofreciendo as\u00ed efectos de luz extremadamente uniformes, suaves y de alta saturaci\u00f3n para disparar con f\u00e1cil instalaci\u00f3n, operaci\u00f3n simple, gran portabilidad, y una amplia variedad de aplicaciones. <\/span><\/h5>\n<\/li>\n<li>\n<h5><span class=\"a-list-item\"> Funciona como un reflector de gran tama\u00f1o, que es bueno para la concentraci\u00f3n de luz y obtener efectos de luz con una saturaci\u00f3n suave y alta. En comparaci\u00f3n con otros productos similares: m\u00e1s ligero y m\u00e1s suave. <\/span><\/h5>\n<\/li>\n<li>\n<h5><span class=\"a-list-item\"> Fiable y duradero. Resistencia al viento, al aplastamiento y a la ca\u00edda. <\/span><\/h5>\n<\/li>\n<li>\n<h5><span class=\"a-list-item\"> Larga vida \u00fatil. El softbox adopta 16 de fibra de vidrio premium, para varillas de fibra de vidrio es ligero y port\u00e1til. <\/span><\/h5>\n<\/li>\n<li>\n<h5><span class=\"a-list-item\"> Con bolsa de transporte, P120H s\u00f3lo pesa 6.0\u00a0lbs. Ligero y port\u00e1til. Amplio alcance de aplicaci\u00f3n. El estudio y la grabaci\u00f3n al aire libre son ambos adecuados. <\/span><\/h5>\n<\/li>\n<\/ul>\n<p>&nbsp;<\/p>\n","protected":false},"excerpt":{"rendered":"<p>*Regimen turistico<br \/>\n*No incluye IVA<\/p>\n","protected":false},"featured_media":4515,"comment_status":"open","ping_status":"closed","template":"","meta":[],"_links":{"self":[{"href":"http:\/\/www.alfatecpy.com\/home\/wp-json\/wp\/v2\/product\/4513"}],"collection":[{"href":"http:\/\/www.alfatecpy.com\/home\/wp-json\/wp\/v2\/product"}],"about":[{"href":"http:\/\/www.alfatecpy.com\/home\/wp-json\/wp\/v2\/types\/product"}],"replies":[{"embeddable":true,"href":"http:\/\/www.alfatecpy.com\/home\/wp-json\/wp\/v2\/comments?post=4513"}],"wp:featuredmedia":[{"embeddable":true,"href":"http:\/\/www.alfatecpy.com\/home\/wp-json\/wp\/v2\/media\/4515"}],"wp:attachment":[{"href":"http:\/\/www.alfatecpy.com\/home\/wp-json\/wp\/v2\/media?parent=4513"}],"curies":[{"name":"wp","href":"https:\/\/api.w.org\/{rel}","templated":true}]}}