{"id":4510,"date":"2020-11-23T15:19:27","date_gmt":"2020-11-23T14:19:27","guid":{"rendered":"http:\/\/www.alfatecpy.com\/home\/?post_type=product&#038;p=4510"},"modified":"2022-06-21T14:46:28","modified_gmt":"2022-06-21T12:46:28","slug":"lente-nikon-fx-50mm-f-1-4-d","status":"publish","type":"product","link":"http:\/\/www.alfatecpy.com\/home\/producto\/lente-nikon-fx-50mm-f-1-4-d\/","title":{"rendered":"LENTE NIKON FX 50MM F\/1.4 D"},"content":{"rendered":"<p>Caracterizado por su dise\u00f1o r\u00e1pido y perfil compacto, el AF NIKKOR 50 mm f \/ 1.4D de Nikon es un primo vers\u00e1til de longitud normal para disparos diarios. La brillante apertura m\u00e1xima de f \/ 1.4 beneficia el trabajo en condiciones de iluminaci\u00f3n dif\u00edciles y tambi\u00e9n ayuda a lograr una profundidad de campo reducida y efectos de enfoque selectivo. Se ha aplicado un recubrimiento s\u00faper integrado a elementos individuales y reduce el destello de la lente y las im\u00e1genes fantasma para aumentar el contraste y la precisi\u00f3n del color cuando se trabaja en condiciones brillantes y con retroiluminaci\u00f3n. Adem\u00e1s, un diafragma redondeado de siete hojas contribuye a una agradable calidad de bokeh.<\/p>\n","protected":false},"excerpt":{"rendered":"<p>*Regimen Turistico<\/p>\n<p>*No incluye IVA<\/p>\n","protected":false},"featured_media":4511,"comment_status":"open","ping_status":"closed","template":"","meta":[],"_links":{"self":[{"href":"http:\/\/www.alfatecpy.com\/home\/wp-json\/wp\/v2\/product\/4510"}],"collection":[{"href":"http:\/\/www.alfatecpy.com\/home\/wp-json\/wp\/v2\/product"}],"about":[{"href":"http:\/\/www.alfatecpy.com\/home\/wp-json\/wp\/v2\/types\/product"}],"replies":[{"embeddable":true,"href":"http:\/\/www.alfatecpy.com\/home\/wp-json\/wp\/v2\/comments?post=4510"}],"wp:featuredmedia":[{"embeddable":true,"href":"http:\/\/www.alfatecpy.com\/home\/wp-json\/wp\/v2\/media\/4511"}],"wp:attachment":[{"href":"http:\/\/www.alfatecpy.com\/home\/wp-json\/wp\/v2\/media?parent=4510"}],"curies":[{"name":"wp","href":"https:\/\/api.w.org\/{rel}","templated":true}]}}