{"id":427,"date":"2019-05-09T02:29:31","date_gmt":"2019-05-09T00:29:31","guid":{"rendered":"http:\/\/www.alfatecpy.com\/home\/producto\/flash-twins-yongnuo-yn24ex-macro-p-canon\/"},"modified":"2022-05-24T19:06:47","modified_gmt":"2022-05-24T17:06:47","slug":"flash-twins-yongnuo-yn24ex-macro-p-canon","status":"publish","type":"product","link":"http:\/\/www.alfatecpy.com\/home\/producto\/flash-twins-yongnuo-yn24ex-macro-p-canon\/","title":{"rendered":"Yongnuo YN24EX TTL Macro Flash \/ Canon"},"content":{"rendered":"<p>Ilumine uniformemente el sujeto m\u00e1s cercano con el macro flash <em><strong>Yongnuo YN-24EX TTL<\/strong><\/em>, que admite Canon E-TTL \/ E-TTL II. Al utilizar un dise\u00f1o de cabezal de doble flash que se monta en la parte frontal de la lente, este flash proporciona un excelente control sobre la posici\u00f3n de la luz y c\u00f3mo afectar\u00e1 al sujeto. Este sistema ofrece una cobertura de 90 \u00b0 hacia arriba y hacia abajo, as\u00ed como horizontalmente 60 \u00b0 hacia adentro y 30 \u00b0 hacia afuera, con la capacidad de rotar el anillo adaptador 50 \u00b0 hacia arriba y 30 \u00b0 hacia abajo tambi\u00e9n. Estos cabezales tambi\u00e9n cuentan con una excelente potencia con un n\u00famero gu\u00eda de 85 &#8216;a ISO 100 para un solo cabezal o 79&#8217; a ISO 100 cuando ambos cabezales de flash est\u00e1n en uso.<\/p>\n","protected":false},"excerpt":{"rendered":"<p>*R\u00e9gimen Tur\u00edstico<br \/>\n*No incluye IVA<\/p>\n","protected":false},"featured_media":1332,"comment_status":"open","ping_status":"closed","template":"","meta":[],"_links":{"self":[{"href":"http:\/\/www.alfatecpy.com\/home\/wp-json\/wp\/v2\/product\/427"}],"collection":[{"href":"http:\/\/www.alfatecpy.com\/home\/wp-json\/wp\/v2\/product"}],"about":[{"href":"http:\/\/www.alfatecpy.com\/home\/wp-json\/wp\/v2\/types\/product"}],"replies":[{"embeddable":true,"href":"http:\/\/www.alfatecpy.com\/home\/wp-json\/wp\/v2\/comments?post=427"}],"wp:featuredmedia":[{"embeddable":true,"href":"http:\/\/www.alfatecpy.com\/home\/wp-json\/wp\/v2\/media\/1332"}],"wp:attachment":[{"href":"http:\/\/www.alfatecpy.com\/home\/wp-json\/wp\/v2\/media?parent=427"}],"curies":[{"name":"wp","href":"https:\/\/api.w.org\/{rel}","templated":true}]}}