{"id":412,"date":"2019-05-09T02:29:27","date_gmt":"2019-05-09T00:29:27","guid":{"rendered":"http:\/\/www.alfatecpy.com\/home\/producto\/flash-macro-ring-meike-mk-14ext-canon\/"},"modified":"2022-06-02T18:45:30","modified_gmt":"2022-06-02T16:45:30","slug":"flash-macro-ring-meike-mk-14ext-canon","status":"publish","type":"product","link":"http:\/\/www.alfatecpy.com\/home\/producto\/flash-macro-ring-meike-mk-14ext-canon\/","title":{"rendered":"FLASH MACRO RING MEIKE MK-14EXT NIKON"},"content":{"rendered":"<div class=\"title_L6kDdYKxLS\">\n<h2 class=\"text_TAw0W35QK_ comfy_TAw0W35QK_ sizeTitle1_TAw0W35QK_ weightNormal_TAw0W35QK_ primary_i3MsQsqoe0\" data-selenium=\"overviewProductTitle\"><span>Descripci\u00f3n general de Meike MK-\u00a0<\/span><span>14EXT<\/span><\/h2>\n<\/div>\n<div class=\"overviewContent_L6kDdYKxLS\">\n<article class=\"content_L6kDdYKxLS\">\n<div>\n<div class=\"productDescription_riPByZJPqM\" data-selenium=\"overviewLongDescription\">\n<div class=\"js-injected-html text_riPByZJPqM\">\n<p><span><span class=\"goog-text-highlight\">Ideal para trabajos de cerca de todo tipo, as\u00ed como para retratos creativos, el\u00a0<\/span><\/span><b><span><span class=\"goog-text-highlight\">flash anular macro MK-14EXT TTL para Nikon<\/span><\/span><\/b><span><span class=\"goog-text-highlight\">\u00a0de\u00a0<\/span><\/span><b><span><span class=\"goog-text-highlight\">Meike<\/span><\/span><\/b><span><span class=\"goog-text-highlight\">\u00a0est\u00e1 dise\u00f1ado espec\u00edficamente para Nikon i-TTL.\u00a0<\/span>Con un rango de trabajo de 8&#8243; a 16.4&#8242;, la luz anular presenta un dise\u00f1o de tubo de flash doble con la capacidad de disparar ambos tubos simult\u00e1neamente, uno a la vez, o en niveles de potencia separados en incrementos de 1\/2 punto para crear una luz. -a-oscuridad. El tiempo de reciclaje es de 0,1 a cinco segundos con cuatro bater\u00edas AA compradas por separado que le brindan de 100 a 800 flashes. Hay un paquete de bater\u00edas externo opcional disponible para aumentar la capacidad del flash. Meike ha hecho posible usar una amplia variedad de lentes con la inclusi\u00f3n de anillos adaptadores de 52, 55, 58, 62, 67, 72 y 77 mm Se proporciona un estuche de cuero para almacenamiento y transport<\/span><\/p>\n<\/div>\n<\/div>\n<\/div>\n<\/article>\n<\/div>\n","protected":false},"excerpt":{"rendered":"<p>*R\u00e9gimen Tur\u00edstico<br \/>\n*No incluye IVA<\/p>\n","protected":false},"featured_media":12525,"comment_status":"open","ping_status":"closed","template":"","meta":[],"_links":{"self":[{"href":"http:\/\/www.alfatecpy.com\/home\/wp-json\/wp\/v2\/product\/412"}],"collection":[{"href":"http:\/\/www.alfatecpy.com\/home\/wp-json\/wp\/v2\/product"}],"about":[{"href":"http:\/\/www.alfatecpy.com\/home\/wp-json\/wp\/v2\/types\/product"}],"replies":[{"embeddable":true,"href":"http:\/\/www.alfatecpy.com\/home\/wp-json\/wp\/v2\/comments?post=412"}],"wp:featuredmedia":[{"embeddable":true,"href":"http:\/\/www.alfatecpy.com\/home\/wp-json\/wp\/v2\/media\/12525"}],"wp:attachment":[{"href":"http:\/\/www.alfatecpy.com\/home\/wp-json\/wp\/v2\/media?parent=412"}],"curies":[{"name":"wp","href":"https:\/\/api.w.org\/{rel}","templated":true}]}}