{"id":4113,"date":"2020-10-31T11:38:13","date_gmt":"2020-10-31T10:38:13","guid":{"rendered":"http:\/\/www.alfatecpy.com\/home\/?post_type=product&#038;p=4113"},"modified":"2022-06-09T18:03:00","modified_gmt":"2022-06-09T16:03:00","slug":"4113","status":"publish","type":"product","link":"http:\/\/www.alfatecpy.com\/home\/producto\/4113\/","title":{"rendered":"Rebotador Greika 5&#215;1 110cm"},"content":{"rendered":"<p>descripci\u00f3n<br \/>\nEl bateador circular 5X1 consta de: Un difusor circular plegable que se utiliza para difundir la luz y suavizarla. Esta funda tiene dos lados en el exterior y dos lados m\u00e1s cuando se le da la vuelta. (4 lados en total) Un lado plateado para una mayor reflexi\u00f3n (luz dura) Un lado dorado para la reflexi\u00f3n (luz c\u00e1lida) Un lado blanco para una reflexi\u00f3n m\u00e1s suave Un lado negro para bloquear la luz Incluye bolsa de transporte.<\/p>\n<p>Di\u00e1metro abierto: \u00f8105cm.<br \/>\nDi\u00e1metro cerrado: \u00f840cm.<br \/>\nViene con bolsa de transporte<\/p>\n<p>colores:<\/p>\n<p>1 Difusor blanco transl\u00facido.<\/p>\n<p>1 plata<\/p>\n<p>1 negro<\/p>\n<p>1 oro<\/p>\n<p>1 blanco<\/p>\n<p>Elementos incluidos:<\/p>\n<p>1 bateador 5&#215;1 (difusor blanco, plateado, negro, dorado y blanco)<br \/>\n1 viene con bolsa de transporte<\/p>\n","protected":false},"excerpt":{"rendered":"<p>*R\u00e9gimen Tur\u00edstico<br \/>\n*No incluye IVA<\/p>\n","protected":false},"featured_media":4115,"comment_status":"open","ping_status":"closed","template":"","meta":[],"_links":{"self":[{"href":"http:\/\/www.alfatecpy.com\/home\/wp-json\/wp\/v2\/product\/4113"}],"collection":[{"href":"http:\/\/www.alfatecpy.com\/home\/wp-json\/wp\/v2\/product"}],"about":[{"href":"http:\/\/www.alfatecpy.com\/home\/wp-json\/wp\/v2\/types\/product"}],"replies":[{"embeddable":true,"href":"http:\/\/www.alfatecpy.com\/home\/wp-json\/wp\/v2\/comments?post=4113"}],"wp:featuredmedia":[{"embeddable":true,"href":"http:\/\/www.alfatecpy.com\/home\/wp-json\/wp\/v2\/media\/4115"}],"wp:attachment":[{"href":"http:\/\/www.alfatecpy.com\/home\/wp-json\/wp\/v2\/media?parent=4113"}],"curies":[{"name":"wp","href":"https:\/\/api.w.org\/{rel}","templated":true}]}}