{"id":408,"date":"2019-05-09T02:29:26","date_gmt":"2019-05-09T00:29:26","guid":{"rendered":"http:\/\/www.alfatecpy.com\/home\/producto\/flash-godox-v860ii-c\/"},"modified":"2021-05-14T22:09:13","modified_gmt":"2021-05-14T20:09:13","slug":"flash-godox-v860ii-c","status":"publish","type":"product","link":"http:\/\/www.alfatecpy.com\/home\/producto\/flash-godox-v860ii-c\/","title":{"rendered":"Godox V860IIC TTL Li-Ion Flash Kit \/ Canon"},"content":{"rendered":"<p>La potencia, la velocidad y la transmisi\u00f3n de radio integrada hacen del <em><strong>V860IIC TTL Li-Ion Flash Kit de Godox<\/strong><\/em> una opci\u00f3n dif\u00edcil de superar para sus c\u00e1maras Canon. Totalmente compatible con los sistemas E-TTL \/ E-TTL II, el V860IIC es compatible con muchas funciones y funciones avanzadas. Adem\u00e1s, cuenta con el sistema de radio inal\u00e1mbrico Godox de 2,4 GHz X que ofrece funciones TTL maestra y esclava con un rango de hasta 328 &#8216;. Adem\u00e1s de esto, el flash es potente y vers\u00e1til, con una gu\u00eda de 197 &#8216;a ISO 100 y 200 mm junto con un rango de zoom de 20-200 mm, que puede ampliarse a 14 mm con el uso del panel extra\u00edble. Este flash funciona con una bater\u00eda recargable de ion de litio, que garantiza una recarga r\u00e1pida y tomas de larga duraci\u00f3n.<\/p>\n","protected":false},"excerpt":{"rendered":"<p>*Regimen turistico<br \/>\n*No incluye IVA<\/p>\n","protected":false},"featured_media":1659,"comment_status":"open","ping_status":"closed","template":"","meta":[],"_links":{"self":[{"href":"http:\/\/www.alfatecpy.com\/home\/wp-json\/wp\/v2\/product\/408"}],"collection":[{"href":"http:\/\/www.alfatecpy.com\/home\/wp-json\/wp\/v2\/product"}],"about":[{"href":"http:\/\/www.alfatecpy.com\/home\/wp-json\/wp\/v2\/types\/product"}],"replies":[{"embeddable":true,"href":"http:\/\/www.alfatecpy.com\/home\/wp-json\/wp\/v2\/comments?post=408"}],"wp:featuredmedia":[{"embeddable":true,"href":"http:\/\/www.alfatecpy.com\/home\/wp-json\/wp\/v2\/media\/1659"}],"wp:attachment":[{"href":"http:\/\/www.alfatecpy.com\/home\/wp-json\/wp\/v2\/media?parent=408"}],"curies":[{"name":"wp","href":"https:\/\/api.w.org\/{rel}","templated":true}]}}