{"id":379,"date":"2019-05-09T02:29:18","date_gmt":"2019-05-09T00:29:18","guid":{"rendered":"http:\/\/www.alfatecpy.com\/home\/producto\/filtro-fotga-77mm-nd2-nd400\/"},"modified":"2022-07-19T16:27:44","modified_gmt":"2022-07-19T14:27:44","slug":"filtro-fotga-77mm-nd2-nd400","status":"publish","type":"product","link":"http:\/\/www.alfatecpy.com\/home\/producto\/filtro-fotga-77mm-nd2-nd400\/","title":{"rendered":"FILTRO FOTGA 77MM ND2-ND400"},"content":{"rendered":"<div id=\"layer-1c74141d648f\" data-type=\"layer\">\n<div data-type=\"row\">\n<div>\n<div>\n<p data-spm-anchor-id=\"a2g0o.detail.1000023.i2.ac885457NdRkHZ\">Filtros de densidad neutra (ND) pueden reducir la intensidad de la luz sin cambio apreciable de su color. Los filtros Classic ND tienen diferentes n\u00fameros de reducci\u00f3n f-stop y la transmitancia as\u00ed generada se puede aplicar para diferentes condiciones de disparo, como retratos, ca\u00eddas de agua, etc.<\/p>\n<p>El Fotga ND Fader es un filtro fader compacto de densidad neutra todo en uno que ajusta la cantidad de reducci\u00f3n de luz con solo girar la mu\u00f1eca. Las marcas de \u00edndice en el filtro le permiten saber exactamente la cantidad de reducci\u00f3n de un vistazo, brind\u00e1ndole disparos claros y precisos a la densidad que est\u00e9 usando.<\/p>\n<\/div>\n<\/div>\n<\/div>\n<\/div>\n<div id=\"layer-99b2eaa3f09d\" data-type=\"layer\">\n<div data-type=\"row\">\n<div>\n<div>\n<p data-spm-anchor-id=\"a2g0o.detail.1000023.i1.ac885457NdRkHZ\">Caracter\u00edsticas principales:<br \/>\n\u2022 Densidad neutra puede ajustarse desde ND2 a ND400. Es f\u00e1cil crear diferentes densidades neutras girando el anillo de 2 a 8 posiciones.<br \/>\n\u2022 Aplique una velocidad de obturaci\u00f3n lenta bajo una fuerte exposici\u00f3n a la luz solar<br \/>\n\u2022 Gran abertura disponible para crear profundidad de campo f\u00e1cilmente<br \/>\n\u2022 Apto para pantalla din\u00e1mica, cascadas, arroyos, olas, etc\u00e9tera<br \/>\n\u2022 Marcas de \u00edndice en el borde del filtro para ajuste exacto<\/p>\n<p data-spm-anchor-id=\"a2g0o.detail.1000023.i1.ac885457NdRkHZ\">77 mm:<br \/>\n\u2022 Di\u00e1metro del hilo de la rosca trasera (se fijan a la lente): 77 mm<br \/>\n\u2022 Di\u00e1metro del hilo de la rosca delantera (fijaci\u00f3n a filtro adicional): 82 mm<\/p>\n<\/div>\n<\/div>\n<\/div>\n<\/div>\n","protected":false},"excerpt":{"rendered":"<p>*Regimen turistico<br \/>\n*No incluye IVA<\/p>\n","protected":false},"featured_media":19927,"comment_status":"open","ping_status":"closed","template":"","meta":[],"_links":{"self":[{"href":"http:\/\/www.alfatecpy.com\/home\/wp-json\/wp\/v2\/product\/379"}],"collection":[{"href":"http:\/\/www.alfatecpy.com\/home\/wp-json\/wp\/v2\/product"}],"about":[{"href":"http:\/\/www.alfatecpy.com\/home\/wp-json\/wp\/v2\/types\/product"}],"replies":[{"embeddable":true,"href":"http:\/\/www.alfatecpy.com\/home\/wp-json\/wp\/v2\/comments?post=379"}],"wp:featuredmedia":[{"embeddable":true,"href":"http:\/\/www.alfatecpy.com\/home\/wp-json\/wp\/v2\/media\/19927"}],"wp:attachment":[{"href":"http:\/\/www.alfatecpy.com\/home\/wp-json\/wp\/v2\/media?parent=379"}],"curies":[{"name":"wp","href":"https:\/\/api.w.org\/{rel}","templated":true}]}}