{"id":3735,"date":"2020-10-22T18:51:55","date_gmt":"2020-10-22T16:51:55","guid":{"rendered":"http:\/\/www.alfatecpy.com\/home\/?post_type=product&#038;p=3735"},"modified":"2022-07-16T20:13:43","modified_gmt":"2022-07-16T18:13:43","slug":"mic-rode-wireless-go","status":"publish","type":"product","link":"http:\/\/www.alfatecpy.com\/home\/producto\/mic-rode-wireless-go\/","title":{"rendered":"Micr\u00f3fono inal\u00e1mbrico digital compacto Rode Wireless GO"},"content":{"rendered":"<p>Dise\u00f1ado con una asombrosa simplicidad y eficiencia en mente, el Rode Wireless GO ofrece una funcionalidad casi instant\u00e1nea lista para usar para su pr\u00f3xima sesi\u00f3n de noticias, proyecto de video o entrevista. Encienda, presione un bot\u00f3n para emparejar, luego \u00a1VAYA!<br \/>\nLos periodistas, vide\u00f3grafos y vlogueros m\u00f3viles apreciar\u00e1n la portabilidad de bolsillo y bolso de Wireless GO. Con el transmisor y el receptor pesando cada uno solo una onza y midiendo aproximadamente 1.7 x 1.7 x 0.7 pulgadas, el sujeto y el operador de la c\u00e1mara olvidar\u00e1n que est\u00e1n all\u00ed.<br \/>\nSujete el transmisor en miniatura a la ropa, col\u00f3quelo en un cintur\u00f3n o desl\u00edcelo en un bolsillo; util\u00edcelo como un micr\u00f3fono lavalier (no es necesario un micr\u00f3fono separado), o util\u00edcelo como un transmisor de cuerpo tradicional con un micr\u00f3fono lav externo como el Rode Lavalier GO (disponible por separado).<br \/>\nGracias al factor de forma diminuto del receptor y al clip integrado, proporciona la flexibilidad de montarse f\u00e1cilmente en una c\u00e1mara, en una bolsa de sonido o en un dispositivo m\u00f3vil. Su pantalla brillante de alto contraste muestra el estado de la bater\u00eda del receptor y transmisor, el nivel de audio, la intensidad de la se\u00f1al y m\u00e1s.<br \/>\nVerdadero micr\u00f3fono inal\u00e1mbrico listo para correr y disparar<br \/>\nEquipado con un lavalier omnidireccional prepolarizado de alto calibre integrado en la carcasa compacta del transmisor, el Wireless GO ofrece audio de calidad sin exigir un micr\u00f3fono externo.<br \/>\nEl patr\u00f3n polar omnidireccional de la c\u00e1psula interna garantiza una captaci\u00f3n de audio confiable incluso si la ubicaci\u00f3n del micr\u00f3fono no es la ideal, y el rango de frecuencia de 50 Hz a 20 kHz aten\u00faa naturalmente los tonos subgraves como el retumbar y el estruendo; la voz de su sujeto se capturar\u00e1 con claridad, inteligibilidad y coherencia.<\/p>\n","protected":false},"excerpt":{"rendered":"<p>*Regimen Turistico<br \/>\n*No incluye IVA<\/p>\n","protected":false},"featured_media":3736,"comment_status":"open","ping_status":"closed","template":"","meta":[],"_links":{"self":[{"href":"http:\/\/www.alfatecpy.com\/home\/wp-json\/wp\/v2\/product\/3735"}],"collection":[{"href":"http:\/\/www.alfatecpy.com\/home\/wp-json\/wp\/v2\/product"}],"about":[{"href":"http:\/\/www.alfatecpy.com\/home\/wp-json\/wp\/v2\/types\/product"}],"replies":[{"embeddable":true,"href":"http:\/\/www.alfatecpy.com\/home\/wp-json\/wp\/v2\/comments?post=3735"}],"wp:featuredmedia":[{"embeddable":true,"href":"http:\/\/www.alfatecpy.com\/home\/wp-json\/wp\/v2\/media\/3736"}],"wp:attachment":[{"href":"http:\/\/www.alfatecpy.com\/home\/wp-json\/wp\/v2\/media?parent=3735"}],"curies":[{"name":"wp","href":"https:\/\/api.w.org\/{rel}","templated":true}]}}