{"id":370,"date":"2019-05-09T02:29:16","date_gmt":"2019-05-09T00:29:16","guid":{"rendered":"http:\/\/www.alfatecpy.com\/home\/producto\/filtro-benro-72mmuv\/"},"modified":"2022-07-18T13:21:44","modified_gmt":"2022-07-18T11:21:44","slug":"filtro-benro-72mmuv","status":"publish","type":"product","link":"http:\/\/www.alfatecpy.com\/home\/producto\/filtro-benro-72mmuv\/","title":{"rendered":"Benro UD CPL Filter 62mm"},"content":{"rendered":"<p>Un filtro polarizador circular est\u00e1 dise\u00f1ado para reducir los rayos de luz polarizados y, por lo tanto, eliminar efectivamente la reflexi\u00f3n de las superficies no met\u00e1licas, como el agua o el vidrio.<br \/>\nReducir la luz polarizada tambi\u00e9n significa eliminar las im\u00e1genes de neblina y niebla atmosf\u00e9rica con mayor contraste<br \/>\ny una saturaci\u00f3n m\u00e1s profunda, lo que hace que un filtro CPL sea altamente recomendado para fotograf\u00eda de paisajes y arquitectura.<\/p>\n<p>Los filtros <em><strong>UD CPL de Benro<\/strong><\/em> utilizan el vidrio \u00f3ptico de alta calidad y el recubrimiento ULCA (aberraci\u00f3n crom\u00e1tica ultra baja) para garantizar una reflectancia m\u00ednima y minimizar el deslumbramiento, lo que produce una imagen de mejor calidad con menos p\u00e9rdida de contraste y mayor saturaci\u00f3n.<br \/>\nPara no interrumpir el balance de color natural de la imagen, los recubrimientos ULCA producen curvas de reflectancia uniformes sin sesgos hacia ninguna banda de color espec\u00edfica.<\/p>\n<p>Los filtros Benro CPL son perfectos para uso en exteriores, ya que se tratan con recubrimientos m\u00faltiples a prueba de agua (WMC), por lo que la humedad repele la superficie y simplifica la limpieza.<br \/>\nEste filtro CPL est\u00e1 construido con vidrio \u00f3ptico de 1,6 mm y un anillo de filtro de lat\u00f3n de 3 mm, lo que lo hace s\u00faper delgado y resistente.<\/p>\n","protected":false},"excerpt":{"rendered":"<p>*R\u00e9gimen Tur\u00edstico<br \/>\n*No incluye IVA<\/p>\n","protected":false},"featured_media":1119,"comment_status":"open","ping_status":"closed","template":"","meta":[],"_links":{"self":[{"href":"http:\/\/www.alfatecpy.com\/home\/wp-json\/wp\/v2\/product\/370"}],"collection":[{"href":"http:\/\/www.alfatecpy.com\/home\/wp-json\/wp\/v2\/product"}],"about":[{"href":"http:\/\/www.alfatecpy.com\/home\/wp-json\/wp\/v2\/types\/product"}],"replies":[{"embeddable":true,"href":"http:\/\/www.alfatecpy.com\/home\/wp-json\/wp\/v2\/comments?post=370"}],"wp:featuredmedia":[{"embeddable":true,"href":"http:\/\/www.alfatecpy.com\/home\/wp-json\/wp\/v2\/media\/1119"}],"wp:attachment":[{"href":"http:\/\/www.alfatecpy.com\/home\/wp-json\/wp\/v2\/media?parent=370"}],"curies":[{"name":"wp","href":"https:\/\/api.w.org\/{rel}","templated":true}]}}