{"id":3556,"date":"2020-10-14T13:00:09","date_gmt":"2020-10-14T11:00:09","guid":{"rendered":"http:\/\/www.alfatecpy.com\/home\/?post_type=product&#038;p=3556"},"modified":"2022-05-24T18:02:35","modified_gmt":"2022-05-24T16:02:35","slug":"lente-sigma-art-85mm-f-1-4-dg-f-sony-e","status":"publish","type":"product","link":"http:\/\/www.alfatecpy.com\/home\/producto\/lente-sigma-art-85mm-f-1-4-dg-f-sony-e\/","title":{"rendered":"Lente Sigma Art 85mm f\/1.4 DG F\/ Sony E"},"content":{"rendered":"<p>Una lente cl\u00e1sica de longitud vertical actualizada para sistemas sin espejo con montura E de Sony de fotograma completo, la Sigma 85 mm f \/ 1.4 DG DN es una lente principal de la serie Art que se caracteriza por su dise\u00f1o \u00f3ptico avanzado y actualizado, perfil elegante y dise\u00f1o brillante. La apertura m\u00e1xima de f \/ 1.4 permite trabajar en condiciones de poca luz y tambi\u00e9n proporciona un mayor control sobre la profundidad de campo para lograr efectos de poca profundidad de campo. El dise\u00f1o \u00f3ptico incorpora una serie de elementos de \u00edndice de refracci\u00f3n alto, asf\u00e9ricos y de baja dispersi\u00f3n, y su dise\u00f1o de gran di\u00e1metro logra un grado notable de claridad y nitidez con distorsiones y aberraciones bien controladas. Adem\u00e1s, un recubrimiento s\u00faper multicapa mejora la calidad de la imagen al suprimir el destello de la lente y el efecto fantasma para mejorar el contraste y la fidelidad del color en condiciones de iluminaci\u00f3n intensa.<\/p>\n<p>El equilibrio de la \u00f3ptica es un dise\u00f1o exterior refinado, que cuenta con un anillo de apertura f\u00edsica, que se puede desbloquear o bloquear, junto con un interruptor de modo de enfoque dedicado y un bot\u00f3n AFL para un control intuitivo y t\u00e1ctil. Para el enfoque autom\u00e1tico, se utiliza un motor paso a paso que mantiene un dise\u00f1o liviano y compacto al tiempo que promueve un rendimiento de enfoque r\u00e1pido y casi silencioso para aplicaciones de video y fotograf\u00edas. Adem\u00e1s, la lente cuenta con un diafragma redondeado de 11 hojas para una calidad de bokeh suave y la carcasa de la lente tambi\u00e9n est\u00e1 sellada contra la intemperie para adaptarse al trabajo en condiciones adversas.<\/p>\n<p>Como parte de la l\u00ednea Art dentro de la serie Global Vision de Sigma, esta lente est\u00e1 dise\u00f1ada para lograr un rendimiento \u00f3ptico verdaderamente notable y es ideal para aplicaciones creativas y art\u00edsticas.<br \/>\nLa lente de longitud vertical est\u00e1 dise\u00f1ada para c\u00e1maras sin espejo con montura E de Sony de fotograma completo, pero tambi\u00e9n se puede usar con modelos APS-C donde proporciona una distancia focal equivalente a 127,5 mm.<br \/>\nLa apertura m\u00e1xima brillante de f \/ 1.4 es particularmente adecuada para trabajar en condiciones de luz disponibles y proporciona un amplio control sobre la profundidad de campo para aislar el tema con enfoque selectivo.<br \/>\nCinco elementos especiales de baja dispersi\u00f3n (SLD) reducen notablemente las aberraciones crom\u00e1ticas y las franjas de color para mejorar la claridad y la precisi\u00f3n del color.<br \/>\nUn elemento asf\u00e9rico y cuatro elementos de vidrio de alto \u00edndice de refracci\u00f3n controlan las aberraciones esf\u00e9ricas y la distorsi\u00f3n para una mayor nitidez y una representaci\u00f3n precisa.<br \/>\nSe ha aplicado un revestimiento s\u00faper multicapa a los elementos de la lente para minimizar el destello y las im\u00e1genes fantasma de la lente y contribuir a producir im\u00e1genes de colores neutros y ricos en contraste, incluso en condiciones de contraluz.<br \/>\nEl motor paso a paso integrado realiza un enfoque autom\u00e1tico r\u00e1pido y silencioso, que se complementa con un algoritmo de AF optimizado para producir un rendimiento de enfoque m\u00e1s suave.<br \/>\nSe puede quitar el clic del anillo de apertura manual para un cambio de apertura suave y silencioso en beneficio de las aplicaciones de video. Adem\u00e1s, tambi\u00e9n se puede emplear un interruptor de bloqueo de anillo de apertura dedicado para evitar cambios accidentales del ajuste de apertura.<br \/>\nIncorporado<\/p>\n","protected":false},"excerpt":{"rendered":"<p>*R\u00e9gimen Tur\u00edstico<br \/>\n*No incluye IVA<\/p>\n","protected":false},"featured_media":10935,"comment_status":"open","ping_status":"closed","template":"","meta":[],"_links":{"self":[{"href":"http:\/\/www.alfatecpy.com\/home\/wp-json\/wp\/v2\/product\/3556"}],"collection":[{"href":"http:\/\/www.alfatecpy.com\/home\/wp-json\/wp\/v2\/product"}],"about":[{"href":"http:\/\/www.alfatecpy.com\/home\/wp-json\/wp\/v2\/types\/product"}],"replies":[{"embeddable":true,"href":"http:\/\/www.alfatecpy.com\/home\/wp-json\/wp\/v2\/comments?post=3556"}],"wp:featuredmedia":[{"embeddable":true,"href":"http:\/\/www.alfatecpy.com\/home\/wp-json\/wp\/v2\/media\/10935"}],"wp:attachment":[{"href":"http:\/\/www.alfatecpy.com\/home\/wp-json\/wp\/v2\/media?parent=3556"}],"curies":[{"name":"wp","href":"https:\/\/api.w.org\/{rel}","templated":true}]}}