{"id":355,"date":"2019-05-09T02:29:12","date_gmt":"2019-05-09T00:29:12","guid":{"rendered":"http:\/\/www.alfatecpy.com\/home\/producto\/engate-rapido-3-8-1-4\/"},"modified":"2020-10-17T16:39:39","modified_gmt":"2020-10-17T14:39:39","slug":"engate-rapido-3-8-1-4","status":"publish","type":"product","link":"http:\/\/www.alfatecpy.com\/home\/producto\/engate-rapido-3-8-1-4\/","title":{"rendered":"ENGATE RAPIDO 3\/8 1\/4"},"content":{"rendered":"<p>Descripciones generales:<\/p>\n<p>Adaptador mecanizado en acero de alta resistencia y con ba\u00f1o antioxidante.<br \/>\nAltura total del pasador 38,5 mm.<br \/>\nDi\u00e1metro del pasador 5\/8 \u00ab(15,8 mm).<br \/>\nRosca inferior hembra de 3\/8 \u00ab(9,52 mm) para colocar en tr\u00edpodes, jirafas y otros.<br \/>\nRosca macho de 1\/4 \u00ab(6,35 mm de di\u00e1metro y 6,5 mm de altura) para la instalaci\u00f3n de flashes, c\u00e1maras, iluminadores y otros accesorios.<\/p>\n<p>Material: metal de alta calidad.<\/p>\n","protected":false},"excerpt":{"rendered":"<p>*R\u00e9gimen Tur\u00edstico<br \/>\n*No incluye IVA<\/p>\n","protected":false},"featured_media":3465,"comment_status":"open","ping_status":"closed","template":"","meta":[],"_links":{"self":[{"href":"http:\/\/www.alfatecpy.com\/home\/wp-json\/wp\/v2\/product\/355"}],"collection":[{"href":"http:\/\/www.alfatecpy.com\/home\/wp-json\/wp\/v2\/product"}],"about":[{"href":"http:\/\/www.alfatecpy.com\/home\/wp-json\/wp\/v2\/types\/product"}],"replies":[{"embeddable":true,"href":"http:\/\/www.alfatecpy.com\/home\/wp-json\/wp\/v2\/comments?post=355"}],"wp:featuredmedia":[{"embeddable":true,"href":"http:\/\/www.alfatecpy.com\/home\/wp-json\/wp\/v2\/media\/3465"}],"wp:attachment":[{"href":"http:\/\/www.alfatecpy.com\/home\/wp-json\/wp\/v2\/media?parent=355"}],"curies":[{"name":"wp","href":"https:\/\/api.w.org\/{rel}","templated":true}]}}