{"id":3537,"date":"2020-10-14T12:40:21","date_gmt":"2020-10-14T10:40:21","guid":{"rendered":"http:\/\/www.alfatecpy.com\/home\/?post_type=product&#038;p=3537"},"modified":"2022-07-19T17:29:54","modified_gmt":"2022-07-19T15:29:54","slug":"lente-sigma-10-20mm-f-3-5-ex-dc-hsm-f-canon-ef","status":"publish","type":"product","link":"http:\/\/www.alfatecpy.com\/home\/producto\/lente-sigma-10-20mm-f-3-5-ex-dc-hsm-f-canon-ef\/","title":{"rendered":"lente Sigma 10-20mm f\/3.5 EX DC HSM F\/ Canon"},"content":{"rendered":"<p><strong>Sigma 10-20 mm f \/ 3.5 EX DC HSM Descripci\u00f3n general<\/strong><br \/>\nCubriendo un rango ultra amplio flexible, el Canon EF-mount 10-20 mm f \/ 3.5 EX DC HSM de Sigma es un zoom vers\u00e1til ideal para fotograf\u00eda de paisajes, arquitectura e interiores. El dise\u00f1o \u00f3ptico de la lente incorpora una serie de elementos asf\u00e9ricos y de baja dispersi\u00f3n, que ayudan a reducir las aberraciones crom\u00e1ticas y esf\u00e9ricas en todo el rango de zoom, adem\u00e1s de contribuir a mejorar la nitidez y la claridad. Tambi\u00e9n se usa un recubrimiento s\u00faper multicapa para suprimir los destellos y las im\u00e1genes fantasma para mejorar el contraste y la precisi\u00f3n del color. Aprovechando los atributos de imagen, un motor Hyper Sonic tambi\u00e9n ofrece un rendimiento de enfoque autom\u00e1tico r\u00e1pido y silencioso, as\u00ed como una anulaci\u00f3n del enfoque manual a tiempo completo.<\/p>\n<p>El zoom gran angular est\u00e1 dise\u00f1ado para c\u00e1maras Canon con montura EF de formato APS-C y proporciona un rango de distancia focal equivalente de 16-32 mm.<br \/>\nLa apertura m\u00e1xima constante de f \/ 3.5 es adecuada para trabajar en las condiciones de luz disponibles.<br \/>\nEl dise\u00f1o \u00f3ptico incluye dos elementos de dispersi\u00f3n extrabaja (ELD) y un elemento de dispersi\u00f3n especial baja (SLD), que ayudan a reducir las franjas de color y las aberraciones crom\u00e1ticas para mejorar la claridad y la precisi\u00f3n del color.<br \/>\nSe utilizan cuatro elementos asf\u00e9ricos para ayudar a limitar la distorsi\u00f3n y las aberraciones esf\u00e9ricas y tambi\u00e9n contribuyen a una mayor nitidez general y una representaci\u00f3n precisa.<br \/>\nSe ha aplicado un recubrimiento s\u00faper multicapa a elementos individuales para minimizar los destellos y las im\u00e1genes fantasma para mejorar el contraste y la precisi\u00f3n del color cuando se trabaja en condiciones de iluminaci\u00f3n intensa.<br \/>\nHyper Sonic Motor (HSM), junto con un dise\u00f1o de enfoque interno, logra un rendimiento de enfoque autom\u00e1tico r\u00e1pido y silencioso, as\u00ed como una anulaci\u00f3n del enfoque manual a tiempo completo.<br \/>\nLa distancia m\u00ednima de enfoque de 9,4 \u00abest\u00e1 disponible en todo el rango del zoom.<br \/>\nEl diafragma de siete hojas contribuye a una agradable calidad de bokeh.<\/p>\n","protected":false},"excerpt":{"rendered":"<p>*R\u00e9gimen Tur\u00edstico<br \/>\n*No incluye IVA<\/p>\n","protected":false},"featured_media":19955,"comment_status":"open","ping_status":"closed","template":"","meta":[],"_links":{"self":[{"href":"http:\/\/www.alfatecpy.com\/home\/wp-json\/wp\/v2\/product\/3537"}],"collection":[{"href":"http:\/\/www.alfatecpy.com\/home\/wp-json\/wp\/v2\/product"}],"about":[{"href":"http:\/\/www.alfatecpy.com\/home\/wp-json\/wp\/v2\/types\/product"}],"replies":[{"embeddable":true,"href":"http:\/\/www.alfatecpy.com\/home\/wp-json\/wp\/v2\/comments?post=3537"}],"wp:featuredmedia":[{"embeddable":true,"href":"http:\/\/www.alfatecpy.com\/home\/wp-json\/wp\/v2\/media\/19955"}],"wp:attachment":[{"href":"http:\/\/www.alfatecpy.com\/home\/wp-json\/wp\/v2\/media?parent=3537"}],"curies":[{"name":"wp","href":"https:\/\/api.w.org\/{rel}","templated":true}]}}