{"id":3339,"date":"2020-10-01T23:47:22","date_gmt":"2020-10-01T21:47:22","guid":{"rendered":"http:\/\/www.alfatecpy.com\/home\/?post_type=product&#038;p=3339"},"modified":"2022-07-15T21:05:29","modified_gmt":"2022-07-15T19:05:29","slug":"grabador-de-audio-zoom-h6-black-finish","status":"publish","type":"product","link":"http:\/\/www.alfatecpy.com\/home\/producto\/grabador-de-audio-zoom-h6-black-finish\/","title":{"rendered":"Grabador de audio port\u00e1til Zoom H6 (black finish) XYH-6 X \/ Y"},"content":{"rendered":"<p>La grabadora de audio Zoom H6 es una grabadora de mano port\u00e1til con interfaz de audio USB con un sistema de micr\u00f3fono intercambiable. Ideal para bandas, multi multiinstrumentistas y podcasters, la grabadora port\u00e1til Zoom H6 le permite grabar r\u00e1pidamente hasta seis se\u00f1ales de entrada simult\u00e1neas. Con dos capsulas de micr\u00f3fono est\u00e9reo intercambiables, seis entradas vers\u00e1tiles de micr\u00f3fono\/l\u00ednea y grabaci\u00f3n de hasta 6 pistas, el H6 es f\u00e1cil de usar y f\u00e1cil de ampliar.<\/p>\n","protected":false},"excerpt":{"rendered":"<p>*R\u00e9gimen Tur\u00edstico<br \/>\n*No incluye IVA<\/p>\n","protected":false},"featured_media":3340,"comment_status":"open","ping_status":"closed","template":"","meta":[],"_links":{"self":[{"href":"http:\/\/www.alfatecpy.com\/home\/wp-json\/wp\/v2\/product\/3339"}],"collection":[{"href":"http:\/\/www.alfatecpy.com\/home\/wp-json\/wp\/v2\/product"}],"about":[{"href":"http:\/\/www.alfatecpy.com\/home\/wp-json\/wp\/v2\/types\/product"}],"replies":[{"embeddable":true,"href":"http:\/\/www.alfatecpy.com\/home\/wp-json\/wp\/v2\/comments?post=3339"}],"wp:featuredmedia":[{"embeddable":true,"href":"http:\/\/www.alfatecpy.com\/home\/wp-json\/wp\/v2\/media\/3340"}],"wp:attachment":[{"href":"http:\/\/www.alfatecpy.com\/home\/wp-json\/wp\/v2\/media?parent=3339"}],"curies":[{"name":"wp","href":"https:\/\/api.w.org\/{rel}","templated":true}]}}