{"id":323,"date":"2019-05-09T02:29:04","date_gmt":"2019-05-09T00:29:04","guid":{"rendered":"http:\/\/www.alfatecpy.com\/home\/producto\/cartao-graycard-peq\/"},"modified":"2020-10-17T16:53:12","modified_gmt":"2020-10-17T14:53:12","slug":"cartao-graycard-peq","status":"publish","type":"product","link":"http:\/\/www.alfatecpy.com\/home\/producto\/cartao-graycard-peq\/","title":{"rendered":"CARTAO GRAYCARD P\/ BALANZO DE BLANCO"},"content":{"rendered":"<p>El juego de tarjetas de balance de blancos Premium Grey Kard Digital con cord\u00f3n premium (juego de tres tarjetas) de Digital Image Flow lleva la ciencia al arte del control de color digital. Digital Grey Kard es la herramienta de correcci\u00f3n de color indispensable, econ\u00f3mica y f\u00e1cil de usar que pertenece al bolso de todo fot\u00f3grafo. Digital Grey Kard le ofrece un color digital perfecto en todo momento.<\/p>\n<p>Al utilizar este conjunto de tres tarjetas: negro, blanco y gris neutro, simplemente tome una foto de la tarjeta con la misma iluminaci\u00f3n en la que est\u00e1 (o estaba) el sujeto. Utilice el balance de blancos autom\u00e1tico y el modo P (Programa) para la imagen. Puede usar la imagen resultante como base para un ajuste de balance de blancos personalizado, o puede usar la imagen de Conjunto de tarjeta de balance de blancos durante el procesamiento posterior para un balance de blancos personalizado.<\/p>\n<p>La superficie brillante del juego de tarjetas de balance de blancos revelar\u00e1 instant\u00e1neamente cualquier reflejo que pueda dar lugar a un balance de blancos incorrecto. Si se ven reflejos en la superficie de la Tarjeta durante una operaci\u00f3n de balance de blancos, reposicione la Tarjeta de modo que se eliminen los reflejos.<\/p>\n","protected":false},"excerpt":{"rendered":"<h5>*R\u00e9gimen Tur\u00edstico<br \/>\n*No incluye IVA<\/h5>\n","protected":false},"featured_media":3607,"comment_status":"open","ping_status":"closed","template":"","meta":[],"_links":{"self":[{"href":"http:\/\/www.alfatecpy.com\/home\/wp-json\/wp\/v2\/product\/323"}],"collection":[{"href":"http:\/\/www.alfatecpy.com\/home\/wp-json\/wp\/v2\/product"}],"about":[{"href":"http:\/\/www.alfatecpy.com\/home\/wp-json\/wp\/v2\/types\/product"}],"replies":[{"embeddable":true,"href":"http:\/\/www.alfatecpy.com\/home\/wp-json\/wp\/v2\/comments?post=323"}],"wp:featuredmedia":[{"embeddable":true,"href":"http:\/\/www.alfatecpy.com\/home\/wp-json\/wp\/v2\/media\/3607"}],"wp:attachment":[{"href":"http:\/\/www.alfatecpy.com\/home\/wp-json\/wp\/v2\/media?parent=323"}],"curies":[{"name":"wp","href":"https:\/\/api.w.org\/{rel}","templated":true}]}}