{"id":3113,"date":"2020-08-02T21:48:42","date_gmt":"2020-08-02T19:48:42","guid":{"rendered":"http:\/\/www.alfatecpy.com\/home\/?post_type=product&#038;p=3113"},"modified":"2022-07-15T13:15:52","modified_gmt":"2022-07-15T11:15:52","slug":"pilha-philips-alkaline-aaa-c-4","status":"publish","type":"product","link":"http:\/\/www.alfatecpy.com\/home\/producto\/pilha-philips-alkaline-aaa-c-4\/","title":{"rendered":"Pilha Philips Alkaline AAA C\/4"},"content":{"rendered":"<p><span lang=\"EN-US\">Este pack de 4 pilas alcalinas AAA de Philips es fiable y duradero. Estas bater\u00edas son compatibles para usar en una variedad de productos todos los d\u00edas.\u00a0Desde controles remotos y linternas hasta detectores de humo y juguetes, estas bater\u00edas est\u00e1n dise\u00f1adas para brindar la energ\u00eda que necesita para todos sus dispositivos dom\u00e9sticos.<\/span><span lang=\"EN-US\">\u00a0<\/span><\/p>\n<p><strong><span lang=\"EN-US\">Reflejos<\/span><\/strong><\/p>\n<ul>\n<li><strong><span lang=\"EN-US\">POTENCIA DE LARGA DURACI\u00d3N:\u00a0<\/span><\/strong><span lang=\"EN-US\">\u00a0estas bater\u00edas alcalinas de Philips est\u00e1n dise\u00f1adas y desarrolladas para un rendimiento duradero.\u00a0Tambi\u00e9n proporcionan energ\u00eda confiable y duradera para muchos dispositivos\u00a0<\/span><\/li>\n<li><strong><span lang=\"EN-US\"><span class=\"goog-text-highlight\">NECESIDAD DE TODOS LOS DISPOSITIVOS DOM\u00c9STICOS:<\/span><\/span><\/strong><span lang=\"EN-US\"><span class=\"goog-text-highlight\">\u00a0estas bater\u00edas est\u00e1n dise\u00f1adas para brindar la energ\u00eda que necesita para todos sus dispositivos dom\u00e9sticos<\/span><\/span><\/li>\n<li><strong><span lang=\"EN-US\">BATER\u00cdAS AAA DURACELL:\u00a0<\/span><\/strong><span lang=\"EN-US\">\u00a0Las bater\u00edas alcalinas de Philips est\u00e1n dise\u00f1adas para usarse en art\u00edculos del hogar como controles remotos, juguetes y m\u00e1s<\/span><\/li>\n<li><strong><span lang=\"EN-US\">BATER\u00cdA ALCALINA:\u00a0<\/span><\/strong><span lang=\"EN-US\">\u00a0Philips fue pionera en el sistema electroqu\u00edmico de di\u00f3xido de manganeso alcalino hace casi 40 a\u00f1os.\u00a0En la d\u00e9cada de 1960, este sistema de bater\u00eda se convirti\u00f3 r\u00e1pidamente en la elecci\u00f3n popular de los dise\u00f1adores en el campo cada vez m\u00e1s amplio de la electr\u00f3nica de consumo.<\/span><\/li>\n<\/ul>\n","protected":false},"excerpt":{"rendered":"<p>*Regimen turistico<br \/>\n*No incluye IVA<\/p>\n","protected":false},"featured_media":19391,"comment_status":"open","ping_status":"closed","template":"","meta":[],"_links":{"self":[{"href":"http:\/\/www.alfatecpy.com\/home\/wp-json\/wp\/v2\/product\/3113"}],"collection":[{"href":"http:\/\/www.alfatecpy.com\/home\/wp-json\/wp\/v2\/product"}],"about":[{"href":"http:\/\/www.alfatecpy.com\/home\/wp-json\/wp\/v2\/types\/product"}],"replies":[{"embeddable":true,"href":"http:\/\/www.alfatecpy.com\/home\/wp-json\/wp\/v2\/comments?post=3113"}],"wp:featuredmedia":[{"embeddable":true,"href":"http:\/\/www.alfatecpy.com\/home\/wp-json\/wp\/v2\/media\/19391"}],"wp:attachment":[{"href":"http:\/\/www.alfatecpy.com\/home\/wp-json\/wp\/v2\/media?parent=3113"}],"curies":[{"name":"wp","href":"https:\/\/api.w.org\/{rel}","templated":true}]}}